{"id":23156,"date":"2022-04-12T12:56:48","date_gmt":"2022-04-12T12:56:48","guid":{"rendered":"https:\/\/www.exporichmondfair.com\/?page_id=23156"},"modified":"2026-02-08T01:10:44","modified_gmt":"2026-02-08T01:10:44","slug":"benevoles","status":"publish","type":"page","link":"https:\/\/www.exporichmondfair.com\/fr\/benevoles\/","title":{"rendered":"B\u00e9n\u00e9voles"},"content":{"rendered":"\t\t<div data-elementor-type=\"wp-page\" data-elementor-id=\"23156\" class=\"elementor elementor-23156\">\n\t\t\t\t\t\t<section class=\"elementor-section elementor-top-section elementor-element elementor-element-e4907d8 elementor-section-boxed elementor-section-height-default elementor-section-height-default\" data-id=\"e4907d8\" data-element_type=\"section\" data-e-type=\"section\">\n\t\t\t\t\t\t<div class=\"elementor-container elementor-column-gap-default\">\n\t\t\t\t\t<div class=\"elementor-column elementor-col-100 elementor-top-column elementor-element elementor-element-e39edf2\" data-id=\"e39edf2\" data-element_type=\"column\" data-e-type=\"column\">\n\t\t\t<div class=\"elementor-widget-wrap elementor-element-populated\">\n\t\t\t\t\t\t<div class=\"elementor-element elementor-element-8707ceb elementor-widget elementor-widget-image\" data-id=\"8707ceb\" data-element_type=\"widget\" data-e-type=\"widget\" data-widget_type=\"image.default\">\n\t\t\t\t<div class=\"elementor-widget-container\">\n\t\t\t\t\t\t\t\t\t\t\t\t\t\t\t<img fetchpriority=\"high\" fetchpriority=\"high\" decoding=\"async\" width=\"415\" height=\"310\" src=\"https:\/\/www.exporichmondfair.com\/wp-content\/uploads\/2022\/07\/acc-BBQ-volunteers1.jpg\" class=\"attachment-large size-large wp-image-23910\" alt=\"\" srcset=\"https:\/\/www.exporichmondfair.com\/wp-content\/uploads\/2022\/07\/acc-BBQ-volunteers1.jpg 415w, https:\/\/www.exporichmondfair.com\/wp-content\/uploads\/2022\/07\/acc-BBQ-volunteers1-300x224.jpg 300w, https:\/\/www.exporichmondfair.com\/wp-content\/uploads\/2022\/07\/acc-BBQ-volunteers1-370x276.jpg 370w, https:\/\/www.exporichmondfair.com\/wp-content\/uploads\/2022\/07\/acc-BBQ-volunteers1-410x306.jpg 410w\" sizes=\"(max-width: 767px) 100vw, 415px\" \/>\t\t\t\t\t\t\t\t\t\t\t\t\t\t\t<\/div>\n\t\t\t\t<\/div>\n\t\t\t\t\t<\/div>\n\t\t<\/div>\n\t\t\t\t\t<\/div>\n\t\t<\/section>\n\t\t\t\t<section class=\"elementor-section elementor-top-section elementor-element elementor-element-66eef36 elementor-section-boxed elementor-section-height-default elementor-section-height-default\" data-id=\"66eef36\" data-element_type=\"section\" data-e-type=\"section\">\n\t\t\t\t\t\t<div class=\"elementor-container elementor-column-gap-default\">\n\t\t\t\t\t<div class=\"elementor-column elementor-col-100 elementor-top-column elementor-element elementor-element-6e048d9\" data-id=\"6e048d9\" data-element_type=\"column\" data-e-type=\"column\">\n\t\t\t<div class=\"elementor-widget-wrap\">\n\t\t\t\t\t\t\t<\/div>\n\t\t<\/div>\n\t\t\t\t\t<\/div>\n\t\t<\/section>\n\t\t\t\t<section class=\"elementor-section elementor-top-section elementor-element elementor-element-47711cf elementor-section-boxed elementor-section-height-default elementor-section-height-default\" data-id=\"47711cf\" data-element_type=\"section\" data-e-type=\"section\">\n\t\t\t\t\t\t<div class=\"elementor-container elementor-column-gap-default\">\n\t\t\t\t\t<div class=\"elementor-column elementor-col-100 elementor-top-column elementor-element elementor-element-d5d3eb8\" data-id=\"d5d3eb8\" data-element_type=\"column\" data-e-type=\"column\">\n\t\t\t<div class=\"elementor-widget-wrap elementor-element-populated\">\n\t\t\t\t\t\t<div class=\"elementor-element elementor-element-ead975a elementor-widget elementor-widget-text-editor\" data-id=\"ead975a\" data-element_type=\"widget\" data-e-type=\"widget\" data-widget_type=\"text-editor.default\">\n\t\t\t\t<div class=\"elementor-widget-container\">\n\t\t\t\t\t\t\t\t\t<p class=\"isSelectedEnd\">Expo Richmond est toujours \u00e0 la recherche de b\u00e9n\u00e9voles pour divers projets, notamment des travaux d\u2019entretien, la pr\u00e9paration de repas pour les b\u00e9n\u00e9voles lors des longues journ\u00e9es de travail au site de la foire, ainsi que de l\u2019aide lors de diff\u00e9rents \u00e9v\u00e9nements.<\/p><p>Si vous souhaitez vous impliquer, envoyez-nous un message sur Facebook ou un courriel \u00e0 <a><strong>fairrichmondexpo@gmail.com<\/strong><\/a>.<\/p>\t\t\t\t\t\t\t\t<\/div>\n\t\t\t\t<\/div>\n\t\t\t\t\t<\/div>\n\t\t<\/div>\n\t\t\t\t\t<\/div>\n\t\t<\/section>\n\t\t\t\t<\/div>\n\t\t","protected":false},"excerpt":{"rendered":"<p>Expo Richmond est toujours \u00e0 la recherche de b\u00e9n\u00e9voles pour divers projets, notamment des travaux d\u2019entretien, la pr\u00e9paration de repas pour les b\u00e9n\u00e9voles lors des longues journ\u00e9es de travail au site de la foire, ainsi que de l\u2019aide lors de diff\u00e9rents \u00e9v\u00e9nements. Si vous souhaitez vous impliquer, envoyez-nous un message sur Facebook ou un courriel [&hellip;]<\/p>\n","protected":false},"author":1,"featured_media":0,"parent":0,"menu_order":0,"comment_status":"closed","ping_status":"closed","template":"","meta":{"_et_pb_use_builder":"","_et_pb_old_content":"","_et_gb_content_width":"","_monsterinsights_skip_tracking":false,"_monsterinsights_sitenote_active":false,"_monsterinsights_sitenote_note":"","_monsterinsights_sitenote_category":0,"footnotes":""},"class_list":["post-23156","page","type-page","status-publish","hentry"],"yoast_head":"<!-- This site is optimized with the Yoast SEO plugin v27.5 - https:\/\/yoast.com\/product\/yoast-seo-wordpress\/ -->\n<title>B\u00e9n\u00e9voles - Expo Richmond Fair<\/title>\n<meta name=\"robots\" content=\"index, follow, max-snippet:-1, max-image-preview:large, max-video-preview:-1\" \/>\n<link rel=\"canonical\" href=\"https:\/\/www.exporichmondfair.com\/fr\/benevoles\/\" \/>\n<meta property=\"og:locale\" content=\"fr_CA\" \/>\n<meta property=\"og:type\" content=\"article\" \/>\n<meta property=\"og:title\" content=\"B\u00e9n\u00e9voles - Expo Richmond Fair\" \/>\n<meta property=\"og:description\" content=\"Expo Richmond est toujours \u00e0 la recherche de b\u00e9n\u00e9voles pour divers projets, notamment des travaux d\u2019entretien, la pr\u00e9paration de repas pour les b\u00e9n\u00e9voles lors des longues journ\u00e9es de travail au site de la foire, ainsi que de l\u2019aide lors de diff\u00e9rents \u00e9v\u00e9nements. Si vous souhaitez vous impliquer, envoyez-nous un message sur Facebook ou un courriel [&hellip;]\" \/>\n<meta property=\"og:url\" content=\"https:\/\/www.exporichmondfair.com\/fr\/benevoles\/\" \/>\n<meta property=\"og:site_name\" content=\"Expo Richmond Fair\" \/>\n<meta property=\"article:modified_time\" content=\"2026-02-08T01:10:44+00:00\" \/>\n<meta property=\"og:image\" content=\"https:\/\/www.exporichmondfair.com\/wp-content\/uploads\/2022\/07\/acc-BBQ-volunteers1.jpg\" \/>\n\t<meta property=\"og:image:width\" content=\"415\" \/>\n\t<meta property=\"og:image:height\" content=\"310\" \/>\n\t<meta property=\"og:image:type\" content=\"image\/jpeg\" \/>\n<meta name=\"twitter:card\" content=\"summary_large_image\" \/>\n<meta name=\"twitter:label1\" content=\"Estimation du temps de lecture\" \/>\n\t<meta name=\"twitter:data1\" content=\"1 minute\" \/>\n<script type=\"application\/ld+json\" class=\"yoast-schema-graph\">{\"@context\":\"https:\\\/\\\/schema.org\",\"@graph\":[{\"@type\":\"WebPage\",\"@id\":\"https:\\\/\\\/www.exporichmondfair.com\\\/fr\\\/benevoles\\\/\",\"url\":\"https:\\\/\\\/www.exporichmondfair.com\\\/fr\\\/benevoles\\\/\",\"name\":\"B\u00e9n\u00e9voles - Expo Richmond Fair\",\"isPartOf\":{\"@id\":\"https:\\\/\\\/www.exporichmondfair.com\\\/#website\"},\"primaryImageOfPage\":{\"@id\":\"https:\\\/\\\/www.exporichmondfair.com\\\/fr\\\/benevoles\\\/#primaryimage\"},\"image\":{\"@id\":\"https:\\\/\\\/www.exporichmondfair.com\\\/fr\\\/benevoles\\\/#primaryimage\"},\"thumbnailUrl\":\"https:\\\/\\\/www.exporichmondfair.com\\\/wp-content\\\/uploads\\\/2022\\\/07\\\/acc-BBQ-volunteers1.jpg\",\"datePublished\":\"2022-04-12T12:56:48+00:00\",\"dateModified\":\"2026-02-08T01:10:44+00:00\",\"breadcrumb\":{\"@id\":\"https:\\\/\\\/www.exporichmondfair.com\\\/fr\\\/benevoles\\\/#breadcrumb\"},\"inLanguage\":\"fr-CA\",\"potentialAction\":[{\"@type\":\"ReadAction\",\"target\":[\"https:\\\/\\\/www.exporichmondfair.com\\\/fr\\\/benevoles\\\/\"]}]},{\"@type\":\"ImageObject\",\"inLanguage\":\"fr-CA\",\"@id\":\"https:\\\/\\\/www.exporichmondfair.com\\\/fr\\\/benevoles\\\/#primaryimage\",\"url\":\"https:\\\/\\\/www.exporichmondfair.com\\\/wp-content\\\/uploads\\\/2022\\\/07\\\/acc-BBQ-volunteers1.jpg\",\"contentUrl\":\"https:\\\/\\\/www.exporichmondfair.com\\\/wp-content\\\/uploads\\\/2022\\\/07\\\/acc-BBQ-volunteers1.jpg\"},{\"@type\":\"BreadcrumbList\",\"@id\":\"https:\\\/\\\/www.exporichmondfair.com\\\/fr\\\/benevoles\\\/#breadcrumb\",\"itemListElement\":[{\"@type\":\"ListItem\",\"position\":1,\"name\":\"Accueil\",\"item\":\"https:\\\/\\\/www.exporichmondfair.com\\\/fr\\\/\"},{\"@type\":\"ListItem\",\"position\":2,\"name\":\"B\u00e9n\u00e9voles\"}]},{\"@type\":\"WebSite\",\"@id\":\"https:\\\/\\\/www.exporichmondfair.com\\\/#website\",\"url\":\"https:\\\/\\\/www.exporichmondfair.com\\\/\",\"name\":\"Expo Richmond Fair\",\"description\":\"Bienvenue \u00e0 l&#039;Expo de Richmond!\",\"publisher\":{\"@id\":\"https:\\\/\\\/www.exporichmondfair.com\\\/#organization\"},\"potentialAction\":[{\"@type\":\"SearchAction\",\"target\":{\"@type\":\"EntryPoint\",\"urlTemplate\":\"https:\\\/\\\/www.exporichmondfair.com\\\/?s={search_term_string}\"},\"query-input\":{\"@type\":\"PropertyValueSpecification\",\"valueRequired\":true,\"valueName\":\"search_term_string\"}}],\"inLanguage\":\"fr-CA\"},{\"@type\":\"Organization\",\"@id\":\"https:\\\/\\\/www.exporichmondfair.com\\\/#organization\",\"name\":\"Expo Richmond Fair\",\"url\":\"https:\\\/\\\/www.exporichmondfair.com\\\/\",\"logo\":{\"@type\":\"ImageObject\",\"inLanguage\":\"fr-CA\",\"@id\":\"https:\\\/\\\/www.exporichmondfair.com\\\/#\\\/schema\\\/logo\\\/image\\\/\",\"url\":\"https:\\\/\\\/www.exporichmondfair.com\\\/wp-content\\\/uploads\\\/2025\\\/07\\\/cropped-cropped-6a92fa92-c8f4-41dc-8223-8636a1e53b38.jpg\",\"contentUrl\":\"https:\\\/\\\/www.exporichmondfair.com\\\/wp-content\\\/uploads\\\/2025\\\/07\\\/cropped-cropped-6a92fa92-c8f4-41dc-8223-8636a1e53b38.jpg\",\"width\":512,\"height\":252,\"caption\":\"Expo Richmond Fair\"},\"image\":{\"@id\":\"https:\\\/\\\/www.exporichmondfair.com\\\/#\\\/schema\\\/logo\\\/image\\\/\"}}]}<\/script>\n<!-- \/ Yoast SEO plugin. -->","yoast_head_json":{"title":"B\u00e9n\u00e9voles - Expo Richmond Fair","robots":{"index":"index","follow":"follow","max-snippet":"max-snippet:-1","max-image-preview":"max-image-preview:large","max-video-preview":"max-video-preview:-1"},"canonical":"https:\/\/www.exporichmondfair.com\/fr\/benevoles\/","og_locale":"fr_CA","og_type":"article","og_title":"B\u00e9n\u00e9voles - Expo Richmond Fair","og_description":"Expo Richmond est toujours \u00e0 la recherche de b\u00e9n\u00e9voles pour divers projets, notamment des travaux d\u2019entretien, la pr\u00e9paration de repas pour les b\u00e9n\u00e9voles lors des longues journ\u00e9es de travail au site de la foire, ainsi que de l\u2019aide lors de diff\u00e9rents \u00e9v\u00e9nements. Si vous souhaitez vous impliquer, envoyez-nous un message sur Facebook ou un courriel [&hellip;]","og_url":"https:\/\/www.exporichmondfair.com\/fr\/benevoles\/","og_site_name":"Expo Richmond Fair","article_modified_time":"2026-02-08T01:10:44+00:00","og_image":[{"width":415,"height":310,"url":"https:\/\/www.exporichmondfair.com\/wp-content\/uploads\/2022\/07\/acc-BBQ-volunteers1.jpg","type":"image\/jpeg"}],"twitter_card":"summary_large_image","twitter_misc":{"Estimation du temps de lecture":"1 minute"},"schema":{"@context":"https:\/\/schema.org","@graph":[{"@type":"WebPage","@id":"https:\/\/www.exporichmondfair.com\/fr\/benevoles\/","url":"https:\/\/www.exporichmondfair.com\/fr\/benevoles\/","name":"B\u00e9n\u00e9voles - Expo Richmond Fair","isPartOf":{"@id":"https:\/\/www.exporichmondfair.com\/#website"},"primaryImageOfPage":{"@id":"https:\/\/www.exporichmondfair.com\/fr\/benevoles\/#primaryimage"},"image":{"@id":"https:\/\/www.exporichmondfair.com\/fr\/benevoles\/#primaryimage"},"thumbnailUrl":"https:\/\/www.exporichmondfair.com\/wp-content\/uploads\/2022\/07\/acc-BBQ-volunteers1.jpg","datePublished":"2022-04-12T12:56:48+00:00","dateModified":"2026-02-08T01:10:44+00:00","breadcrumb":{"@id":"https:\/\/www.exporichmondfair.com\/fr\/benevoles\/#breadcrumb"},"inLanguage":"fr-CA","potentialAction":[{"@type":"ReadAction","target":["https:\/\/www.exporichmondfair.com\/fr\/benevoles\/"]}]},{"@type":"ImageObject","inLanguage":"fr-CA","@id":"https:\/\/www.exporichmondfair.com\/fr\/benevoles\/#primaryimage","url":"https:\/\/www.exporichmondfair.com\/wp-content\/uploads\/2022\/07\/acc-BBQ-volunteers1.jpg","contentUrl":"https:\/\/www.exporichmondfair.com\/wp-content\/uploads\/2022\/07\/acc-BBQ-volunteers1.jpg"},{"@type":"BreadcrumbList","@id":"https:\/\/www.exporichmondfair.com\/fr\/benevoles\/#breadcrumb","itemListElement":[{"@type":"ListItem","position":1,"name":"Accueil","item":"https:\/\/www.exporichmondfair.com\/fr\/"},{"@type":"ListItem","position":2,"name":"B\u00e9n\u00e9voles"}]},{"@type":"WebSite","@id":"https:\/\/www.exporichmondfair.com\/#website","url":"https:\/\/www.exporichmondfair.com\/","name":"Expo Richmond Fair","description":"Bienvenue \u00e0 l&#039;Expo de Richmond!","publisher":{"@id":"https:\/\/www.exporichmondfair.com\/#organization"},"potentialAction":[{"@type":"SearchAction","target":{"@type":"EntryPoint","urlTemplate":"https:\/\/www.exporichmondfair.com\/?s={search_term_string}"},"query-input":{"@type":"PropertyValueSpecification","valueRequired":true,"valueName":"search_term_string"}}],"inLanguage":"fr-CA"},{"@type":"Organization","@id":"https:\/\/www.exporichmondfair.com\/#organization","name":"Expo Richmond Fair","url":"https:\/\/www.exporichmondfair.com\/","logo":{"@type":"ImageObject","inLanguage":"fr-CA","@id":"https:\/\/www.exporichmondfair.com\/#\/schema\/logo\/image\/","url":"https:\/\/www.exporichmondfair.com\/wp-content\/uploads\/2025\/07\/cropped-cropped-6a92fa92-c8f4-41dc-8223-8636a1e53b38.jpg","contentUrl":"https:\/\/www.exporichmondfair.com\/wp-content\/uploads\/2025\/07\/cropped-cropped-6a92fa92-c8f4-41dc-8223-8636a1e53b38.jpg","width":512,"height":252,"caption":"Expo Richmond Fair"},"image":{"@id":"https:\/\/www.exporichmondfair.com\/#\/schema\/logo\/image\/"}}]}},"_links":{"self":[{"href":"https:\/\/www.exporichmondfair.com\/fr\/wp-json\/wp\/v2\/pages\/23156","targetHints":{"allow":["GET"]}}],"collection":[{"href":"https:\/\/www.exporichmondfair.com\/fr\/wp-json\/wp\/v2\/pages"}],"about":[{"href":"https:\/\/www.exporichmondfair.com\/fr\/wp-json\/wp\/v2\/types\/page"}],"author":[{"embeddable":true,"href":"https:\/\/www.exporichmondfair.com\/fr\/wp-json\/wp\/v2\/users\/1"}],"replies":[{"embeddable":true,"href":"https:\/\/www.exporichmondfair.com\/fr\/wp-json\/wp\/v2\/comments?post=23156"}],"version-history":[{"count":56,"href":"https:\/\/www.exporichmondfair.com\/fr\/wp-json\/wp\/v2\/pages\/23156\/revisions"}],"predecessor-version":[{"id":25767,"href":"https:\/\/www.exporichmondfair.com\/fr\/wp-json\/wp\/v2\/pages\/23156\/revisions\/25767"}],"wp:attachment":[{"href":"https:\/\/www.exporichmondfair.com\/fr\/wp-json\/wp\/v2\/media?parent=23156"}],"curies":[{"name":"wp","href":"https:\/\/api.w.org\/{rel}","templated":true}]}}