{"id":23425,"date":"2022-05-11T15:28:17","date_gmt":"2022-05-11T15:28:17","guid":{"rendered":"https:\/\/www.exporichmondfair.com\/?page_id=23425"},"modified":"2026-02-02T13:41:02","modified_gmt":"2026-02-02T13:41:02","slug":"a-propos","status":"publish","type":"page","link":"https:\/\/www.exporichmondfair.com\/fr\/a-propos\/","title":{"rendered":"\u00c0 propos"},"content":{"rendered":"\t\t<div data-elementor-type=\"wp-page\" data-elementor-id=\"23425\" class=\"elementor elementor-23425\">\n\t\t\t\t\t\t<section class=\"elementor-section elementor-top-section elementor-element elementor-element-8a5250c elementor-section-boxed elementor-section-height-default elementor-section-height-default\" data-id=\"8a5250c\" data-element_type=\"section\" data-e-type=\"section\">\n\t\t\t\t\t\t<div class=\"elementor-container elementor-column-gap-default\">\n\t\t\t\t\t<div class=\"elementor-column elementor-col-100 elementor-top-column elementor-element elementor-element-e4fef6e\" data-id=\"e4fef6e\" data-element_type=\"column\" data-e-type=\"column\">\n\t\t\t<div class=\"elementor-widget-wrap elementor-element-populated\">\n\t\t\t\t\t\t<div class=\"elementor-element elementor-element-0d7a321 elementor-widget elementor-widget-spacer\" data-id=\"0d7a321\" data-element_type=\"widget\" data-e-type=\"widget\" data-widget_type=\"spacer.default\">\n\t\t\t\t<div class=\"elementor-widget-container\">\n\t\t\t\t\t\t\t<div class=\"elementor-spacer\">\n\t\t\t<div class=\"elementor-spacer-inner\"><\/div>\n\t\t<\/div>\n\t\t\t\t\t\t<\/div>\n\t\t\t\t<\/div>\n\t\t\t\t<div class=\"elementor-element elementor-element-4c371d7 elementor-widget elementor-widget-spacer\" data-id=\"4c371d7\" data-element_type=\"widget\" data-e-type=\"widget\" data-widget_type=\"spacer.default\">\n\t\t\t\t<div class=\"elementor-widget-container\">\n\t\t\t\t\t\t\t<div class=\"elementor-spacer\">\n\t\t\t<div class=\"elementor-spacer-inner\"><\/div>\n\t\t<\/div>\n\t\t\t\t\t\t<\/div>\n\t\t\t\t<\/div>\n\t\t\t\t\t<\/div>\n\t\t<\/div>\n\t\t\t\t\t<\/div>\n\t\t<\/section>\n\t\t\t\t<section class=\"elementor-section elementor-top-section elementor-element elementor-element-d629714 elementor-section-stretched elementor-section-boxed elementor-section-height-default elementor-section-height-default\" data-id=\"d629714\" data-element_type=\"section\" data-e-type=\"section\" data-settings=\"{&quot;stretch_section&quot;:&quot;section-stretched&quot;,&quot;background_background&quot;:&quot;classic&quot;}\">\n\t\t\t\t\t\t<div class=\"elementor-container elementor-column-gap-default\">\n\t\t\t\t\t<div class=\"elementor-column elementor-col-100 elementor-top-column elementor-element elementor-element-3fa9787\" data-id=\"3fa9787\" data-element_type=\"column\" data-e-type=\"column\">\n\t\t\t<div class=\"elementor-widget-wrap elementor-element-populated\">\n\t\t\t\t\t\t<div class=\"elementor-element elementor-element-5254a83 elementor-widget elementor-widget-text-editor\" data-id=\"5254a83\" data-element_type=\"widget\" data-e-type=\"widget\" data-widget_type=\"text-editor.default\">\n\t\t\t\t<div class=\"elementor-widget-container\">\n\t\t\t\t\t\t\t\t\t<p>La Soci\u00e9t\u00e9 de L\u2019Expo Richmond a organis\u00e9 son premier concours de jugement d&#8217;animaux le 24 septembre 1856. Lord Aylmer de Melbourne en \u00e9tait le pr\u00e9sident \u00e0 l&#8217;\u00e9poque. \u00c0 partir de l\u00e0, l&#8217;\u00e9v\u00e9nement a progress\u00e9 &#8211; de nouveaux b\u00e2timents ont \u00e9t\u00e9 construits et davantage d&#8217;entretien a \u00e9t\u00e9 effectu\u00e9 sur le terrain. Le nombre et la qualit\u00e9 des \u00e9v\u00e9nements ont \u00e9galement augment\u00e9.<\/p>\n<p>En ao\u00fbt 1956, la Soci\u00e9t\u00e9 d&#8217;agriculture a c\u00e9l\u00e9br\u00e9 le 100e anniversaire de l\u2019expo, avec une c\u00e9r\u00e9monie \u00ab Salut au si\u00e8cle \u00bb. C&#8217;\u00e9tait une \u00e9tape importante dans l&#8217;histoire de l\u2019expo et le conseil d&#8217;administration a \u00e9t\u00e9 \u00e9tonn\u00e9 de voir jusqu&#8217;o\u00f9 l\u2019expo \u00e9tait arriv\u00e9e dans sa vie. \u00c0 l&#8217;\u00e9poque, ils n&#8217;avaient jamais pr\u00e9dit \u00e0 quel point l\u2019expo allait se d\u00e9velopper. Cela avait commenc\u00e9 sans b\u00e2timents permanents, seulement un petit concours de jugements et quelques visiteurs. C&#8217;est maintenant un endroit o\u00f9 les familles pouvaient se divertir pendant un week-end complet.<\/p>\n<p>En 1965, l\u2019expo a \u00e9t\u00e9 d\u00e9plac\u00e9e l\u00e0 o\u00f9 elle se trouve aujourd&#8217;hui, sur la 143 entre Richmond et Windsor. Ce terrain de 25 acres semblait mieux situ\u00e9 pour toutes les activit\u00e9s que l\u2019expo voulait organiser. Certains b\u00e2timents ont \u00e9t\u00e9 d\u00e9plac\u00e9s de leur ancien emplacement et des nouveaux ont \u00e9t\u00e9 construits. Le premier b\u00e2timent construit sur ces terrains fut \u00ab l\u2019Arena \u00bb qui existe encore&nbsp;aujourd&#8217;hui. Le b\u00e2timent a \u00e9t\u00e9 enti\u00e8rement construit par des b\u00e9n\u00e9voles.<\/p>\n<p>Depuis, l\u2019expo a vu sa juste part de r\u00e9compenses et de d\u00e9fis, enregistrant souvent un nombre record de fr\u00e9quentation par rapport \u00e0 l&#8217;ann\u00e9e pr\u00e9c\u00e9dente.&nbsp;Le comit\u00e9 de la foire de Richmond attend avec impatience une autre belle ann\u00e9e \u00e0 la foire et a h\u00e2te de la c\u00e9l\u00e9brer avec tous les visiteurs qui viennent y participer.<\/p>\t\t\t\t\t\t\t\t<\/div>\n\t\t\t\t<\/div>\n\t\t\t\t\t<\/div>\n\t\t<\/div>\n\t\t\t\t\t<\/div>\n\t\t<\/section>\n\t\t\t\t<section class=\"elementor-section elementor-top-section elementor-element elementor-element-87d8972 elementor-section-boxed elementor-section-height-default elementor-section-height-default\" data-id=\"87d8972\" data-element_type=\"section\" data-e-type=\"section\">\n\t\t\t\t\t\t<div class=\"elementor-container elementor-column-gap-default\">\n\t\t\t\t\t<div class=\"elementor-column elementor-col-100 elementor-top-column elementor-element elementor-element-0a19d7c\" data-id=\"0a19d7c\" data-element_type=\"column\" data-e-type=\"column\">\n\t\t\t<div class=\"elementor-widget-wrap elementor-element-populated\">\n\t\t\t\t\t\t<div class=\"elementor-element elementor-element-4c76a91 elementor-widget elementor-widget-image\" data-id=\"4c76a91\" data-element_type=\"widget\" data-e-type=\"widget\" data-widget_type=\"image.default\">\n\t\t\t\t<div class=\"elementor-widget-container\">\n\t\t\t\t\t\t\t\t\t\t\t\t\t\t\t<img fetchpriority=\"high\" fetchpriority=\"high\" decoding=\"async\" width=\"1024\" height=\"683\" src=\"https:\/\/www.exporichmondfair.com\/wp-content\/uploads\/2025\/03\/475771196_1144292464148204_2128208885760341275_n-1024x683.jpg\" class=\"attachment-large size-large wp-image-25213\" alt=\"\" srcset=\"https:\/\/www.exporichmondfair.com\/wp-content\/uploads\/2025\/03\/475771196_1144292464148204_2128208885760341275_n-1024x683.jpg 1024w, https:\/\/www.exporichmondfair.com\/wp-content\/uploads\/2025\/03\/475771196_1144292464148204_2128208885760341275_n-300x200.jpg 300w, https:\/\/www.exporichmondfair.com\/wp-content\/uploads\/2025\/03\/475771196_1144292464148204_2128208885760341275_n-768x512.jpg 768w, https:\/\/www.exporichmondfair.com\/wp-content\/uploads\/2025\/03\/475771196_1144292464148204_2128208885760341275_n-1536x1024.jpg 1536w, https:\/\/www.exporichmondfair.com\/wp-content\/uploads\/2025\/03\/475771196_1144292464148204_2128208885760341275_n-370x247.jpg 370w, https:\/\/www.exporichmondfair.com\/wp-content\/uploads\/2025\/03\/475771196_1144292464148204_2128208885760341275_n-840x560.jpg 840w, https:\/\/www.exporichmondfair.com\/wp-content\/uploads\/2025\/03\/475771196_1144292464148204_2128208885760341275_n-410x273.jpg 410w, https:\/\/www.exporichmondfair.com\/wp-content\/uploads\/2025\/03\/475771196_1144292464148204_2128208885760341275_n.jpg 2048w\" sizes=\"(max-width: 1024px) 100vw, 1024px\" \/>\t\t\t\t\t\t\t\t\t\t\t\t\t\t\t<\/div>\n\t\t\t\t<\/div>\n\t\t\t\t\t<\/div>\n\t\t<\/div>\n\t\t\t\t\t<\/div>\n\t\t<\/section>\n\t\t\t\t<\/div>\n\t\t","protected":false},"excerpt":{"rendered":"<p>La Soci\u00e9t\u00e9 de L\u2019Expo Richmond a organis\u00e9 son premier concours de jugement d&#8217;animaux le 24 septembre 1856. Lord Aylmer de Melbourne en \u00e9tait le pr\u00e9sident \u00e0 l&#8217;\u00e9poque. \u00c0 partir de l\u00e0, l&#8217;\u00e9v\u00e9nement a progress\u00e9 &#8211; de nouveaux b\u00e2timents ont \u00e9t\u00e9 construits et davantage d&#8217;entretien a \u00e9t\u00e9 effectu\u00e9 sur le terrain. Le nombre et la qualit\u00e9 [&hellip;]<\/p>\n","protected":false},"author":1,"featured_media":0,"parent":0,"menu_order":0,"comment_status":"closed","ping_status":"closed","template":"","meta":{"_et_pb_use_builder":"","_et_pb_old_content":"","_et_gb_content_width":"","_monsterinsights_skip_tracking":false,"_monsterinsights_sitenote_active":false,"_monsterinsights_sitenote_note":"","_monsterinsights_sitenote_category":0,"footnotes":""},"class_list":["post-23425","page","type-page","status-publish","hentry"],"yoast_head":"<!-- This site is optimized with the Yoast SEO plugin v27.3 - https:\/\/yoast.com\/product\/yoast-seo-wordpress\/ -->\n<title>\u00c0 propos - Expo Richmond Fair<\/title>\n<meta name=\"robots\" content=\"index, follow, max-snippet:-1, max-image-preview:large, max-video-preview:-1\" \/>\n<link rel=\"canonical\" href=\"https:\/\/www.exporichmondfair.com\/fr\/a-propos\/\" \/>\n<meta property=\"og:locale\" content=\"fr_CA\" \/>\n<meta property=\"og:type\" content=\"article\" \/>\n<meta property=\"og:title\" content=\"\u00c0 propos - Expo Richmond Fair\" \/>\n<meta property=\"og:description\" content=\"La Soci\u00e9t\u00e9 de L\u2019Expo Richmond a organis\u00e9 son premier concours de jugement d&#8217;animaux le 24 septembre 1856. Lord Aylmer de Melbourne en \u00e9tait le pr\u00e9sident \u00e0 l&#8217;\u00e9poque. \u00c0 partir de l\u00e0, l&#8217;\u00e9v\u00e9nement a progress\u00e9 &#8211; de nouveaux b\u00e2timents ont \u00e9t\u00e9 construits et davantage d&#8217;entretien a \u00e9t\u00e9 effectu\u00e9 sur le terrain. Le nombre et la qualit\u00e9 [&hellip;]\" \/>\n<meta property=\"og:url\" content=\"https:\/\/www.exporichmondfair.com\/fr\/a-propos\/\" \/>\n<meta property=\"og:site_name\" content=\"Expo Richmond Fair\" \/>\n<meta property=\"article:modified_time\" content=\"2026-02-02T13:41:02+00:00\" \/>\n<meta property=\"og:image\" content=\"https:\/\/www.exporichmondfair.com\/wp-content\/uploads\/2025\/03\/475771196_1144292464148204_2128208885760341275_n.jpg\" \/>\n\t<meta property=\"og:image:width\" content=\"2048\" \/>\n\t<meta property=\"og:image:height\" content=\"1365\" \/>\n\t<meta property=\"og:image:type\" content=\"image\/jpeg\" \/>\n<meta name=\"twitter:card\" content=\"summary_large_image\" \/>\n<meta name=\"twitter:label1\" content=\"Estimation du temps de lecture\" \/>\n\t<meta name=\"twitter:data1\" content=\"2 minutes\" \/>\n<script type=\"application\/ld+json\" class=\"yoast-schema-graph\">{\"@context\":\"https:\\\/\\\/schema.org\",\"@graph\":[{\"@type\":\"WebPage\",\"@id\":\"https:\\\/\\\/www.exporichmondfair.com\\\/fr\\\/a-propos\\\/\",\"url\":\"https:\\\/\\\/www.exporichmondfair.com\\\/fr\\\/a-propos\\\/\",\"name\":\"\u00c0 propos - Expo Richmond Fair\",\"isPartOf\":{\"@id\":\"https:\\\/\\\/www.exporichmondfair.com\\\/#website\"},\"primaryImageOfPage\":{\"@id\":\"https:\\\/\\\/www.exporichmondfair.com\\\/fr\\\/a-propos\\\/#primaryimage\"},\"image\":{\"@id\":\"https:\\\/\\\/www.exporichmondfair.com\\\/fr\\\/a-propos\\\/#primaryimage\"},\"thumbnailUrl\":\"https:\\\/\\\/www.exporichmondfair.com\\\/wp-content\\\/uploads\\\/2025\\\/03\\\/475771196_1144292464148204_2128208885760341275_n-1024x683.jpg\",\"datePublished\":\"2022-05-11T15:28:17+00:00\",\"dateModified\":\"2026-02-02T13:41:02+00:00\",\"breadcrumb\":{\"@id\":\"https:\\\/\\\/www.exporichmondfair.com\\\/fr\\\/a-propos\\\/#breadcrumb\"},\"inLanguage\":\"fr-CA\",\"potentialAction\":[{\"@type\":\"ReadAction\",\"target\":[\"https:\\\/\\\/www.exporichmondfair.com\\\/fr\\\/a-propos\\\/\"]}]},{\"@type\":\"ImageObject\",\"inLanguage\":\"fr-CA\",\"@id\":\"https:\\\/\\\/www.exporichmondfair.com\\\/fr\\\/a-propos\\\/#primaryimage\",\"url\":\"https:\\\/\\\/www.exporichmondfair.com\\\/wp-content\\\/uploads\\\/2025\\\/03\\\/475771196_1144292464148204_2128208885760341275_n-1024x683.jpg\",\"contentUrl\":\"https:\\\/\\\/www.exporichmondfair.com\\\/wp-content\\\/uploads\\\/2025\\\/03\\\/475771196_1144292464148204_2128208885760341275_n-1024x683.jpg\"},{\"@type\":\"BreadcrumbList\",\"@id\":\"https:\\\/\\\/www.exporichmondfair.com\\\/fr\\\/a-propos\\\/#breadcrumb\",\"itemListElement\":[{\"@type\":\"ListItem\",\"position\":1,\"name\":\"Accueil\",\"item\":\"https:\\\/\\\/www.exporichmondfair.com\\\/fr\\\/\"},{\"@type\":\"ListItem\",\"position\":2,\"name\":\"\u00c0 propos\"}]},{\"@type\":\"WebSite\",\"@id\":\"https:\\\/\\\/www.exporichmondfair.com\\\/#website\",\"url\":\"https:\\\/\\\/www.exporichmondfair.com\\\/\",\"name\":\"Expo Richmond Fair\",\"description\":\"Bienvenue \u00e0 l&#039;Expo de Richmond!\",\"publisher\":{\"@id\":\"https:\\\/\\\/www.exporichmondfair.com\\\/#organization\"},\"potentialAction\":[{\"@type\":\"SearchAction\",\"target\":{\"@type\":\"EntryPoint\",\"urlTemplate\":\"https:\\\/\\\/www.exporichmondfair.com\\\/?s={search_term_string}\"},\"query-input\":{\"@type\":\"PropertyValueSpecification\",\"valueRequired\":true,\"valueName\":\"search_term_string\"}}],\"inLanguage\":\"fr-CA\"},{\"@type\":\"Organization\",\"@id\":\"https:\\\/\\\/www.exporichmondfair.com\\\/#organization\",\"name\":\"Expo Richmond Fair\",\"url\":\"https:\\\/\\\/www.exporichmondfair.com\\\/\",\"logo\":{\"@type\":\"ImageObject\",\"inLanguage\":\"fr-CA\",\"@id\":\"https:\\\/\\\/www.exporichmondfair.com\\\/#\\\/schema\\\/logo\\\/image\\\/\",\"url\":\"https:\\\/\\\/www.exporichmondfair.com\\\/wp-content\\\/uploads\\\/2025\\\/07\\\/cropped-cropped-6a92fa92-c8f4-41dc-8223-8636a1e53b38.jpg\",\"contentUrl\":\"https:\\\/\\\/www.exporichmondfair.com\\\/wp-content\\\/uploads\\\/2025\\\/07\\\/cropped-cropped-6a92fa92-c8f4-41dc-8223-8636a1e53b38.jpg\",\"width\":512,\"height\":252,\"caption\":\"Expo Richmond Fair\"},\"image\":{\"@id\":\"https:\\\/\\\/www.exporichmondfair.com\\\/#\\\/schema\\\/logo\\\/image\\\/\"}}]}<\/script>\n<!-- \/ Yoast SEO plugin. -->","yoast_head_json":{"title":"\u00c0 propos - Expo Richmond Fair","robots":{"index":"index","follow":"follow","max-snippet":"max-snippet:-1","max-image-preview":"max-image-preview:large","max-video-preview":"max-video-preview:-1"},"canonical":"https:\/\/www.exporichmondfair.com\/fr\/a-propos\/","og_locale":"fr_CA","og_type":"article","og_title":"\u00c0 propos - Expo Richmond Fair","og_description":"La Soci\u00e9t\u00e9 de L\u2019Expo Richmond a organis\u00e9 son premier concours de jugement d&#8217;animaux le 24 septembre 1856. Lord Aylmer de Melbourne en \u00e9tait le pr\u00e9sident \u00e0 l&#8217;\u00e9poque. \u00c0 partir de l\u00e0, l&#8217;\u00e9v\u00e9nement a progress\u00e9 &#8211; de nouveaux b\u00e2timents ont \u00e9t\u00e9 construits et davantage d&#8217;entretien a \u00e9t\u00e9 effectu\u00e9 sur le terrain. Le nombre et la qualit\u00e9 [&hellip;]","og_url":"https:\/\/www.exporichmondfair.com\/fr\/a-propos\/","og_site_name":"Expo Richmond Fair","article_modified_time":"2026-02-02T13:41:02+00:00","og_image":[{"width":2048,"height":1365,"url":"https:\/\/www.exporichmondfair.com\/wp-content\/uploads\/2025\/03\/475771196_1144292464148204_2128208885760341275_n.jpg","type":"image\/jpeg"}],"twitter_card":"summary_large_image","twitter_misc":{"Estimation du temps de lecture":"2 minutes"},"schema":{"@context":"https:\/\/schema.org","@graph":[{"@type":"WebPage","@id":"https:\/\/www.exporichmondfair.com\/fr\/a-propos\/","url":"https:\/\/www.exporichmondfair.com\/fr\/a-propos\/","name":"\u00c0 propos - Expo Richmond Fair","isPartOf":{"@id":"https:\/\/www.exporichmondfair.com\/#website"},"primaryImageOfPage":{"@id":"https:\/\/www.exporichmondfair.com\/fr\/a-propos\/#primaryimage"},"image":{"@id":"https:\/\/www.exporichmondfair.com\/fr\/a-propos\/#primaryimage"},"thumbnailUrl":"https:\/\/www.exporichmondfair.com\/wp-content\/uploads\/2025\/03\/475771196_1144292464148204_2128208885760341275_n-1024x683.jpg","datePublished":"2022-05-11T15:28:17+00:00","dateModified":"2026-02-02T13:41:02+00:00","breadcrumb":{"@id":"https:\/\/www.exporichmondfair.com\/fr\/a-propos\/#breadcrumb"},"inLanguage":"fr-CA","potentialAction":[{"@type":"ReadAction","target":["https:\/\/www.exporichmondfair.com\/fr\/a-propos\/"]}]},{"@type":"ImageObject","inLanguage":"fr-CA","@id":"https:\/\/www.exporichmondfair.com\/fr\/a-propos\/#primaryimage","url":"https:\/\/www.exporichmondfair.com\/wp-content\/uploads\/2025\/03\/475771196_1144292464148204_2128208885760341275_n-1024x683.jpg","contentUrl":"https:\/\/www.exporichmondfair.com\/wp-content\/uploads\/2025\/03\/475771196_1144292464148204_2128208885760341275_n-1024x683.jpg"},{"@type":"BreadcrumbList","@id":"https:\/\/www.exporichmondfair.com\/fr\/a-propos\/#breadcrumb","itemListElement":[{"@type":"ListItem","position":1,"name":"Accueil","item":"https:\/\/www.exporichmondfair.com\/fr\/"},{"@type":"ListItem","position":2,"name":"\u00c0 propos"}]},{"@type":"WebSite","@id":"https:\/\/www.exporichmondfair.com\/#website","url":"https:\/\/www.exporichmondfair.com\/","name":"Expo Richmond Fair","description":"Bienvenue \u00e0 l&#039;Expo de Richmond!","publisher":{"@id":"https:\/\/www.exporichmondfair.com\/#organization"},"potentialAction":[{"@type":"SearchAction","target":{"@type":"EntryPoint","urlTemplate":"https:\/\/www.exporichmondfair.com\/?s={search_term_string}"},"query-input":{"@type":"PropertyValueSpecification","valueRequired":true,"valueName":"search_term_string"}}],"inLanguage":"fr-CA"},{"@type":"Organization","@id":"https:\/\/www.exporichmondfair.com\/#organization","name":"Expo Richmond Fair","url":"https:\/\/www.exporichmondfair.com\/","logo":{"@type":"ImageObject","inLanguage":"fr-CA","@id":"https:\/\/www.exporichmondfair.com\/#\/schema\/logo\/image\/","url":"https:\/\/www.exporichmondfair.com\/wp-content\/uploads\/2025\/07\/cropped-cropped-6a92fa92-c8f4-41dc-8223-8636a1e53b38.jpg","contentUrl":"https:\/\/www.exporichmondfair.com\/wp-content\/uploads\/2025\/07\/cropped-cropped-6a92fa92-c8f4-41dc-8223-8636a1e53b38.jpg","width":512,"height":252,"caption":"Expo Richmond Fair"},"image":{"@id":"https:\/\/www.exporichmondfair.com\/#\/schema\/logo\/image\/"}}]}},"_links":{"self":[{"href":"https:\/\/www.exporichmondfair.com\/fr\/wp-json\/wp\/v2\/pages\/23425","targetHints":{"allow":["GET"]}}],"collection":[{"href":"https:\/\/www.exporichmondfair.com\/fr\/wp-json\/wp\/v2\/pages"}],"about":[{"href":"https:\/\/www.exporichmondfair.com\/fr\/wp-json\/wp\/v2\/types\/page"}],"author":[{"embeddable":true,"href":"https:\/\/www.exporichmondfair.com\/fr\/wp-json\/wp\/v2\/users\/1"}],"replies":[{"embeddable":true,"href":"https:\/\/www.exporichmondfair.com\/fr\/wp-json\/wp\/v2\/comments?post=23425"}],"version-history":[{"count":42,"href":"https:\/\/www.exporichmondfair.com\/fr\/wp-json\/wp\/v2\/pages\/23425\/revisions"}],"predecessor-version":[{"id":25755,"href":"https:\/\/www.exporichmondfair.com\/fr\/wp-json\/wp\/v2\/pages\/23425\/revisions\/25755"}],"wp:attachment":[{"href":"https:\/\/www.exporichmondfair.com\/fr\/wp-json\/wp\/v2\/media?parent=23425"}],"curies":[{"name":"wp","href":"https:\/\/api.w.org\/{rel}","templated":true}]}}