{"id":23434,"date":"2022-05-11T15:38:55","date_gmt":"2022-05-11T15:38:55","guid":{"rendered":"https:\/\/www.exporichmondfair.com\/?page_id=23434"},"modified":"2022-07-18T14:19:38","modified_gmt":"2022-07-18T14:19:38","slug":"kiosques","status":"publish","type":"page","link":"https:\/\/www.exporichmondfair.com\/fr\/kiosques\/","title":{"rendered":"Kiosques"},"content":{"rendered":"\t\t<div data-elementor-type=\"wp-page\" data-elementor-id=\"23434\" class=\"elementor elementor-23434\">\n\t\t\t\t\t\t<section class=\"elementor-section elementor-top-section elementor-element elementor-element-bac0476 elementor-section-boxed elementor-section-height-default elementor-section-height-default\" data-id=\"bac0476\" data-element_type=\"section\" data-e-type=\"section\">\n\t\t\t\t\t\t<div class=\"elementor-container elementor-column-gap-default\">\n\t\t\t\t\t<div class=\"elementor-column elementor-col-100 elementor-top-column elementor-element elementor-element-3430fd3\" data-id=\"3430fd3\" data-element_type=\"column\" data-e-type=\"column\">\n\t\t\t<div class=\"elementor-widget-wrap elementor-element-populated\">\n\t\t\t\t\t\t<div class=\"elementor-element elementor-element-5abe37a elementor-widget elementor-widget-spacer\" data-id=\"5abe37a\" data-element_type=\"widget\" data-e-type=\"widget\" data-widget_type=\"spacer.default\">\n\t\t\t\t<div class=\"elementor-widget-container\">\n\t\t\t\t\t\t\t<div class=\"elementor-spacer\">\n\t\t\t<div class=\"elementor-spacer-inner\"><\/div>\n\t\t<\/div>\n\t\t\t\t\t\t<\/div>\n\t\t\t\t<\/div>\n\t\t\t\t<div class=\"elementor-element elementor-element-d520e9e elementor-widget elementor-widget-spacer\" data-id=\"d520e9e\" data-element_type=\"widget\" data-e-type=\"widget\" data-widget_type=\"spacer.default\">\n\t\t\t\t<div class=\"elementor-widget-container\">\n\t\t\t\t\t\t\t<div class=\"elementor-spacer\">\n\t\t\t<div class=\"elementor-spacer-inner\"><\/div>\n\t\t<\/div>\n\t\t\t\t\t\t<\/div>\n\t\t\t\t<\/div>\n\t\t\t\t<div class=\"elementor-element elementor-element-58c835e elementor-widget elementor-widget-spacer\" data-id=\"58c835e\" data-element_type=\"widget\" data-e-type=\"widget\" data-widget_type=\"spacer.default\">\n\t\t\t\t<div class=\"elementor-widget-container\">\n\t\t\t\t\t\t\t<div class=\"elementor-spacer\">\n\t\t\t<div class=\"elementor-spacer-inner\"><\/div>\n\t\t<\/div>\n\t\t\t\t\t\t<\/div>\n\t\t\t\t<\/div>\n\t\t\t\t\t<\/div>\n\t\t<\/div>\n\t\t\t\t\t<\/div>\n\t\t<\/section>\n\t\t\t\t<section class=\"elementor-section elementor-top-section elementor-element elementor-element-8a5250c elementor-section-boxed elementor-section-height-default elementor-section-height-default\" data-id=\"8a5250c\" data-element_type=\"section\" data-e-type=\"section\">\n\t\t\t\t\t\t<div class=\"elementor-container elementor-column-gap-default\">\n\t\t\t\t\t<div class=\"elementor-column elementor-col-100 elementor-top-column elementor-element elementor-element-e4fef6e\" data-id=\"e4fef6e\" data-element_type=\"column\" data-e-type=\"column\">\n\t\t\t<div class=\"elementor-widget-wrap elementor-element-populated\">\n\t\t\t\t\t\t<div class=\"elementor-element elementor-element-0d7a321 elementor-widget elementor-widget-spacer\" data-id=\"0d7a321\" data-element_type=\"widget\" data-e-type=\"widget\" data-widget_type=\"spacer.default\">\n\t\t\t\t<div class=\"elementor-widget-container\">\n\t\t\t\t\t\t\t<div class=\"elementor-spacer\">\n\t\t\t<div class=\"elementor-spacer-inner\"><\/div>\n\t\t<\/div>\n\t\t\t\t\t\t<\/div>\n\t\t\t\t<\/div>\n\t\t\t\t<div class=\"elementor-element elementor-element-4c371d7 elementor-widget elementor-widget-spacer\" data-id=\"4c371d7\" data-element_type=\"widget\" data-e-type=\"widget\" data-widget_type=\"spacer.default\">\n\t\t\t\t<div class=\"elementor-widget-container\">\n\t\t\t\t\t\t\t<div class=\"elementor-spacer\">\n\t\t\t<div class=\"elementor-spacer-inner\"><\/div>\n\t\t<\/div>\n\t\t\t\t\t\t<\/div>\n\t\t\t\t<\/div>\n\t\t\t\t\t<\/div>\n\t\t<\/div>\n\t\t\t\t\t<\/div>\n\t\t<\/section>\n\t\t\t\t<section class=\"elementor-section elementor-top-section elementor-element elementor-element-d629714 elementor-section-stretched elementor-section-boxed elementor-section-height-default elementor-section-height-default\" data-id=\"d629714\" data-element_type=\"section\" data-e-type=\"section\" data-settings=\"{&quot;stretch_section&quot;:&quot;section-stretched&quot;,&quot;background_background&quot;:&quot;classic&quot;}\">\n\t\t\t\t\t\t<div class=\"elementor-container elementor-column-gap-default\">\n\t\t\t\t\t<div class=\"elementor-column elementor-col-100 elementor-top-column elementor-element elementor-element-3fa9787\" data-id=\"3fa9787\" data-element_type=\"column\" data-e-type=\"column\">\n\t\t\t<div class=\"elementor-widget-wrap elementor-element-populated\">\n\t\t\t\t\t\t<div class=\"elementor-element elementor-element-14b285d elementor-widget elementor-widget-spacer\" data-id=\"14b285d\" data-element_type=\"widget\" data-e-type=\"widget\" data-widget_type=\"spacer.default\">\n\t\t\t\t<div class=\"elementor-widget-container\">\n\t\t\t\t\t\t\t<div class=\"elementor-spacer\">\n\t\t\t<div class=\"elementor-spacer-inner\"><\/div>\n\t\t<\/div>\n\t\t\t\t\t\t<\/div>\n\t\t\t\t<\/div>\n\t\t\t\t<div class=\"elementor-element elementor-element-2033d64 elementor-widget elementor-widget-text-editor\" data-id=\"2033d64\" data-element_type=\"widget\" data-e-type=\"widget\" data-widget_type=\"text-editor.default\">\n\t\t\t\t<div class=\"elementor-widget-container\">\n\t\t\t\t\t\t\t\t\t<p>Veuillez noter que les demandes pour la <b>tente des artistes et artisans<\/b> sont distinctes des <b>kiosques<\/b>.<\/p><p>Pour plus d&#8217;informations concernant la tente, vous pouvez contacter le directeur du salon Danny Perkins ou son assistante Rebecca Taylor par courriel \u00e0 <a>creationperkins@gmail.com<\/a><\/p>\t\t\t\t\t\t\t\t<\/div>\n\t\t\t\t<\/div>\n\t\t\t\t<div class=\"elementor-element elementor-element-b767466 elementor-widget elementor-widget-spacer\" data-id=\"b767466\" data-element_type=\"widget\" data-e-type=\"widget\" data-widget_type=\"spacer.default\">\n\t\t\t\t<div class=\"elementor-widget-container\">\n\t\t\t\t\t\t\t<div class=\"elementor-spacer\">\n\t\t\t<div class=\"elementor-spacer-inner\"><\/div>\n\t\t<\/div>\n\t\t\t\t\t\t<\/div>\n\t\t\t\t<\/div>\n\t\t\t\t\t<\/div>\n\t\t<\/div>\n\t\t\t\t\t<\/div>\n\t\t<\/section>\n\t\t\t\t<section class=\"elementor-section elementor-top-section elementor-element elementor-element-a643b80 elementor-section-boxed elementor-section-height-default elementor-section-height-default\" data-id=\"a643b80\" data-element_type=\"section\" data-e-type=\"section\" data-settings=\"{&quot;background_background&quot;:&quot;classic&quot;}\">\n\t\t\t\t\t\t\t<div class=\"elementor-background-overlay\"><\/div>\n\t\t\t\t\t\t\t<div class=\"elementor-container elementor-column-gap-default\">\n\t\t\t\t\t<div class=\"elementor-column elementor-col-100 elementor-top-column elementor-element elementor-element-d8bb99d\" data-id=\"d8bb99d\" data-element_type=\"column\" data-e-type=\"column\">\n\t\t\t<div class=\"elementor-widget-wrap elementor-element-populated\">\n\t\t\t\t\t\t<div class=\"elementor-element elementor-element-decbbf4 elementor-widget elementor-widget-spacer\" data-id=\"decbbf4\" data-element_type=\"widget\" data-e-type=\"widget\" data-widget_type=\"spacer.default\">\n\t\t\t\t<div class=\"elementor-widget-container\">\n\t\t\t\t\t\t\t<div class=\"elementor-spacer\">\n\t\t\t<div class=\"elementor-spacer-inner\"><\/div>\n\t\t<\/div>\n\t\t\t\t\t\t<\/div>\n\t\t\t\t<\/div>\n\t\t\t\t<div class=\"elementor-element elementor-element-8b85371 elementor-widget elementor-widget-spacer\" data-id=\"8b85371\" data-element_type=\"widget\" data-e-type=\"widget\" data-widget_type=\"spacer.default\">\n\t\t\t\t<div class=\"elementor-widget-container\">\n\t\t\t\t\t\t\t<div class=\"elementor-spacer\">\n\t\t\t<div class=\"elementor-spacer-inner\"><\/div>\n\t\t<\/div>\n\t\t\t\t\t\t<\/div>\n\t\t\t\t<\/div>\n\t\t\t\t<div class=\"elementor-element elementor-element-6e49918 elementor-widget elementor-widget-spacer\" data-id=\"6e49918\" data-element_type=\"widget\" data-e-type=\"widget\" data-widget_type=\"spacer.default\">\n\t\t\t\t<div class=\"elementor-widget-container\">\n\t\t\t\t\t\t\t<div class=\"elementor-spacer\">\n\t\t\t<div class=\"elementor-spacer-inner\"><\/div>\n\t\t<\/div>\n\t\t\t\t\t\t<\/div>\n\t\t\t\t<\/div>\n\t\t\t\t<div class=\"elementor-element elementor-element-92070fb elementor-widget elementor-widget-spacer\" data-id=\"92070fb\" data-element_type=\"widget\" data-e-type=\"widget\" data-widget_type=\"spacer.default\">\n\t\t\t\t<div class=\"elementor-widget-container\">\n\t\t\t\t\t\t\t<div class=\"elementor-spacer\">\n\t\t\t<div class=\"elementor-spacer-inner\"><\/div>\n\t\t<\/div>\n\t\t\t\t\t\t<\/div>\n\t\t\t\t<\/div>\n\t\t\t\t\t<\/div>\n\t\t<\/div>\n\t\t\t\t\t<\/div>\n\t\t<\/section>\n\t\t\t\t<\/div>\n\t\t","protected":false},"excerpt":{"rendered":"<p>Une occasion pour vous promouvoir Kiosques Vous avez une entreprise ou une id\u00e9e de kiosque pour l\u2019Expo de Richmond? Avec une client\u00e8le diversifi\u00e9e qui nous visite pendant quatre jours, il existe de nombreuses occasions de pr\u00e9senter vos produits ou votre organisation et de rencontrer des gens pendant le week-end de l\u2019Expo de Richmond. Des frais [&hellip;]<\/p>\n","protected":false},"author":1,"featured_media":0,"parent":0,"menu_order":0,"comment_status":"closed","ping_status":"closed","template":"","meta":{"_et_pb_use_builder":"","_et_pb_old_content":"","_et_gb_content_width":"","_monsterinsights_skip_tracking":false,"_monsterinsights_sitenote_active":false,"_monsterinsights_sitenote_note":"","_monsterinsights_sitenote_category":0,"footnotes":""},"class_list":["post-23434","page","type-page","status-publish","hentry"],"yoast_head":"<!-- This site is optimized with the Yoast SEO plugin v27.6 - https:\/\/yoast.com\/product\/yoast-seo-wordpress\/ -->\n<title>Kiosques - Expo Richmond Fair<\/title>\n<meta name=\"robots\" content=\"index, follow, max-snippet:-1, max-image-preview:large, max-video-preview:-1\" \/>\n<link rel=\"canonical\" href=\"https:\/\/www.exporichmondfair.com\/fr\/kiosques\/\" \/>\n<meta property=\"og:locale\" content=\"fr_CA\" \/>\n<meta property=\"og:type\" content=\"article\" \/>\n<meta property=\"og:title\" content=\"Kiosques - Expo Richmond Fair\" \/>\n<meta property=\"og:description\" content=\"Une occasion pour vous promouvoir Kiosques Vous avez une entreprise ou une id\u00e9e de kiosque pour l\u2019Expo de Richmond? Avec une client\u00e8le diversifi\u00e9e qui nous visite pendant quatre jours, il existe de nombreuses occasions de pr\u00e9senter vos produits ou votre organisation et de rencontrer des gens pendant le week-end de l\u2019Expo de Richmond. Des frais [&hellip;]\" \/>\n<meta property=\"og:url\" content=\"https:\/\/www.exporichmondfair.com\/fr\/kiosques\/\" \/>\n<meta property=\"og:site_name\" content=\"Expo Richmond Fair\" \/>\n<meta property=\"article:modified_time\" content=\"2022-07-18T14:19:38+00:00\" \/>\n<meta name=\"twitter:card\" content=\"summary_large_image\" \/>\n<meta name=\"twitter:label1\" content=\"Estimation du temps de lecture\" \/>\n\t<meta name=\"twitter:data1\" content=\"1 minute\" \/>\n<script type=\"application\/ld+json\" class=\"yoast-schema-graph\">{\"@context\":\"https:\\\/\\\/schema.org\",\"@graph\":[{\"@type\":\"WebPage\",\"@id\":\"https:\\\/\\\/www.exporichmondfair.com\\\/fr\\\/kiosques\\\/\",\"url\":\"https:\\\/\\\/www.exporichmondfair.com\\\/fr\\\/kiosques\\\/\",\"name\":\"Kiosques - Expo Richmond Fair\",\"isPartOf\":{\"@id\":\"https:\\\/\\\/www.exporichmondfair.com\\\/#website\"},\"datePublished\":\"2022-05-11T15:38:55+00:00\",\"dateModified\":\"2022-07-18T14:19:38+00:00\",\"breadcrumb\":{\"@id\":\"https:\\\/\\\/www.exporichmondfair.com\\\/fr\\\/kiosques\\\/#breadcrumb\"},\"inLanguage\":\"fr-CA\",\"potentialAction\":[{\"@type\":\"ReadAction\",\"target\":[\"https:\\\/\\\/www.exporichmondfair.com\\\/fr\\\/kiosques\\\/\"]}]},{\"@type\":\"BreadcrumbList\",\"@id\":\"https:\\\/\\\/www.exporichmondfair.com\\\/fr\\\/kiosques\\\/#breadcrumb\",\"itemListElement\":[{\"@type\":\"ListItem\",\"position\":1,\"name\":\"Accueil\",\"item\":\"https:\\\/\\\/www.exporichmondfair.com\\\/fr\\\/\"},{\"@type\":\"ListItem\",\"position\":2,\"name\":\"Kiosques\"}]},{\"@type\":\"WebSite\",\"@id\":\"https:\\\/\\\/www.exporichmondfair.com\\\/#website\",\"url\":\"https:\\\/\\\/www.exporichmondfair.com\\\/\",\"name\":\"Expo Richmond Fair\",\"description\":\"Bienvenue \u00e0 l&#039;Expo de Richmond!\",\"publisher\":{\"@id\":\"https:\\\/\\\/www.exporichmondfair.com\\\/#organization\"},\"potentialAction\":[{\"@type\":\"SearchAction\",\"target\":{\"@type\":\"EntryPoint\",\"urlTemplate\":\"https:\\\/\\\/www.exporichmondfair.com\\\/?s={search_term_string}\"},\"query-input\":{\"@type\":\"PropertyValueSpecification\",\"valueRequired\":true,\"valueName\":\"search_term_string\"}}],\"inLanguage\":\"fr-CA\"},{\"@type\":\"Organization\",\"@id\":\"https:\\\/\\\/www.exporichmondfair.com\\\/#organization\",\"name\":\"Expo Richmond Fair\",\"url\":\"https:\\\/\\\/www.exporichmondfair.com\\\/\",\"logo\":{\"@type\":\"ImageObject\",\"inLanguage\":\"fr-CA\",\"@id\":\"https:\\\/\\\/www.exporichmondfair.com\\\/#\\\/schema\\\/logo\\\/image\\\/\",\"url\":\"https:\\\/\\\/www.exporichmondfair.com\\\/wp-content\\\/uploads\\\/2025\\\/07\\\/cropped-cropped-6a92fa92-c8f4-41dc-8223-8636a1e53b38.jpg\",\"contentUrl\":\"https:\\\/\\\/www.exporichmondfair.com\\\/wp-content\\\/uploads\\\/2025\\\/07\\\/cropped-cropped-6a92fa92-c8f4-41dc-8223-8636a1e53b38.jpg\",\"width\":512,\"height\":252,\"caption\":\"Expo Richmond Fair\"},\"image\":{\"@id\":\"https:\\\/\\\/www.exporichmondfair.com\\\/#\\\/schema\\\/logo\\\/image\\\/\"}}]}<\/script>\n<!-- \/ Yoast SEO plugin. -->","yoast_head_json":{"title":"Kiosques - Expo Richmond Fair","robots":{"index":"index","follow":"follow","max-snippet":"max-snippet:-1","max-image-preview":"max-image-preview:large","max-video-preview":"max-video-preview:-1"},"canonical":"https:\/\/www.exporichmondfair.com\/fr\/kiosques\/","og_locale":"fr_CA","og_type":"article","og_title":"Kiosques - Expo Richmond Fair","og_description":"Une occasion pour vous promouvoir Kiosques Vous avez une entreprise ou une id\u00e9e de kiosque pour l\u2019Expo de Richmond? Avec une client\u00e8le diversifi\u00e9e qui nous visite pendant quatre jours, il existe de nombreuses occasions de pr\u00e9senter vos produits ou votre organisation et de rencontrer des gens pendant le week-end de l\u2019Expo de Richmond. Des frais [&hellip;]","og_url":"https:\/\/www.exporichmondfair.com\/fr\/kiosques\/","og_site_name":"Expo Richmond Fair","article_modified_time":"2022-07-18T14:19:38+00:00","twitter_card":"summary_large_image","twitter_misc":{"Estimation du temps de lecture":"1 minute"},"schema":{"@context":"https:\/\/schema.org","@graph":[{"@type":"WebPage","@id":"https:\/\/www.exporichmondfair.com\/fr\/kiosques\/","url":"https:\/\/www.exporichmondfair.com\/fr\/kiosques\/","name":"Kiosques - Expo Richmond Fair","isPartOf":{"@id":"https:\/\/www.exporichmondfair.com\/#website"},"datePublished":"2022-05-11T15:38:55+00:00","dateModified":"2022-07-18T14:19:38+00:00","breadcrumb":{"@id":"https:\/\/www.exporichmondfair.com\/fr\/kiosques\/#breadcrumb"},"inLanguage":"fr-CA","potentialAction":[{"@type":"ReadAction","target":["https:\/\/www.exporichmondfair.com\/fr\/kiosques\/"]}]},{"@type":"BreadcrumbList","@id":"https:\/\/www.exporichmondfair.com\/fr\/kiosques\/#breadcrumb","itemListElement":[{"@type":"ListItem","position":1,"name":"Accueil","item":"https:\/\/www.exporichmondfair.com\/fr\/"},{"@type":"ListItem","position":2,"name":"Kiosques"}]},{"@type":"WebSite","@id":"https:\/\/www.exporichmondfair.com\/#website","url":"https:\/\/www.exporichmondfair.com\/","name":"Expo Richmond Fair","description":"Bienvenue \u00e0 l&#039;Expo de Richmond!","publisher":{"@id":"https:\/\/www.exporichmondfair.com\/#organization"},"potentialAction":[{"@type":"SearchAction","target":{"@type":"EntryPoint","urlTemplate":"https:\/\/www.exporichmondfair.com\/?s={search_term_string}"},"query-input":{"@type":"PropertyValueSpecification","valueRequired":true,"valueName":"search_term_string"}}],"inLanguage":"fr-CA"},{"@type":"Organization","@id":"https:\/\/www.exporichmondfair.com\/#organization","name":"Expo Richmond Fair","url":"https:\/\/www.exporichmondfair.com\/","logo":{"@type":"ImageObject","inLanguage":"fr-CA","@id":"https:\/\/www.exporichmondfair.com\/#\/schema\/logo\/image\/","url":"https:\/\/www.exporichmondfair.com\/wp-content\/uploads\/2025\/07\/cropped-cropped-6a92fa92-c8f4-41dc-8223-8636a1e53b38.jpg","contentUrl":"https:\/\/www.exporichmondfair.com\/wp-content\/uploads\/2025\/07\/cropped-cropped-6a92fa92-c8f4-41dc-8223-8636a1e53b38.jpg","width":512,"height":252,"caption":"Expo Richmond Fair"},"image":{"@id":"https:\/\/www.exporichmondfair.com\/#\/schema\/logo\/image\/"}}]}},"_links":{"self":[{"href":"https:\/\/www.exporichmondfair.com\/fr\/wp-json\/wp\/v2\/pages\/23434","targetHints":{"allow":["GET"]}}],"collection":[{"href":"https:\/\/www.exporichmondfair.com\/fr\/wp-json\/wp\/v2\/pages"}],"about":[{"href":"https:\/\/www.exporichmondfair.com\/fr\/wp-json\/wp\/v2\/types\/page"}],"author":[{"embeddable":true,"href":"https:\/\/www.exporichmondfair.com\/fr\/wp-json\/wp\/v2\/users\/1"}],"replies":[{"embeddable":true,"href":"https:\/\/www.exporichmondfair.com\/fr\/wp-json\/wp\/v2\/comments?post=23434"}],"version-history":[{"count":40,"href":"https:\/\/www.exporichmondfair.com\/fr\/wp-json\/wp\/v2\/pages\/23434\/revisions"}],"predecessor-version":[{"id":24250,"href":"https:\/\/www.exporichmondfair.com\/fr\/wp-json\/wp\/v2\/pages\/23434\/revisions\/24250"}],"wp:attachment":[{"href":"https:\/\/www.exporichmondfair.com\/fr\/wp-json\/wp\/v2\/media?parent=23434"}],"curies":[{"name":"wp","href":"https:\/\/api.w.org\/{rel}","templated":true}]}}