{"id":24825,"date":"2024-07-27T17:13:37","date_gmt":"2024-07-27T17:13:37","guid":{"rendered":"https:\/\/www.exporichmondfair.com\/?page_id=24825"},"modified":"2025-08-10T03:44:15","modified_gmt":"2025-08-10T03:44:15","slug":"lois-et-reglements-generaux","status":"publish","type":"page","link":"https:\/\/www.exporichmondfair.com\/fr\/lois-et-reglements-generaux\/","title":{"rendered":"Lois et r\u00e9glements g\u00e9neraux"},"content":{"rendered":"\t\t<div data-elementor-type=\"wp-page\" data-elementor-id=\"24825\" class=\"elementor elementor-24825\">\n\t\t\t\t\t\t<section class=\"elementor-section elementor-top-section elementor-element elementor-element-8a5250c elementor-section-boxed elementor-section-height-default elementor-section-height-default\" data-id=\"8a5250c\" data-element_type=\"section\" data-e-type=\"section\">\n\t\t\t\t\t\t<div class=\"elementor-container elementor-column-gap-default\">\n\t\t\t\t\t<div class=\"elementor-column elementor-col-100 elementor-top-column elementor-element elementor-element-e4fef6e\" data-id=\"e4fef6e\" data-element_type=\"column\" data-e-type=\"column\">\n\t\t\t<div class=\"elementor-widget-wrap elementor-element-populated\">\n\t\t\t\t\t\t<div class=\"elementor-element elementor-element-0d7a321 elementor-widget elementor-widget-spacer\" data-id=\"0d7a321\" data-element_type=\"widget\" data-e-type=\"widget\" data-widget_type=\"spacer.default\">\n\t\t\t\t<div class=\"elementor-widget-container\">\n\t\t\t\t\t\t\t<div class=\"elementor-spacer\">\n\t\t\t<div class=\"elementor-spacer-inner\"><\/div>\n\t\t<\/div>\n\t\t\t\t\t\t<\/div>\n\t\t\t\t<\/div>\n\t\t\t\t<div class=\"elementor-element elementor-element-4c371d7 elementor-widget elementor-widget-spacer\" data-id=\"4c371d7\" data-element_type=\"widget\" data-e-type=\"widget\" data-widget_type=\"spacer.default\">\n\t\t\t\t<div class=\"elementor-widget-container\">\n\t\t\t\t\t\t\t<div class=\"elementor-spacer\">\n\t\t\t<div class=\"elementor-spacer-inner\"><\/div>\n\t\t<\/div>\n\t\t\t\t\t\t<\/div>\n\t\t\t\t<\/div>\n\t\t\t\t\t<\/div>\n\t\t<\/div>\n\t\t\t\t\t<\/div>\n\t\t<\/section>\n\t\t\t\t<section class=\"elementor-section elementor-top-section elementor-element elementor-element-d629714 elementor-section-stretched elementor-section-boxed elementor-section-height-default elementor-section-height-default\" data-id=\"d629714\" data-element_type=\"section\" data-e-type=\"section\" data-settings=\"{&quot;stretch_section&quot;:&quot;section-stretched&quot;,&quot;background_background&quot;:&quot;classic&quot;}\">\n\t\t\t\t\t\t<div class=\"elementor-container elementor-column-gap-default\">\n\t\t\t\t\t<div class=\"elementor-column elementor-col-100 elementor-top-column elementor-element elementor-element-3fa9787\" data-id=\"3fa9787\" data-element_type=\"column\" data-e-type=\"column\">\n\t\t\t<div class=\"elementor-widget-wrap elementor-element-populated\">\n\t\t\t\t\t\t<div class=\"elementor-element elementor-element-5254a83 elementor-widget elementor-widget-text-editor\" data-id=\"5254a83\" data-element_type=\"widget\" data-e-type=\"widget\" data-widget_type=\"text-editor.default\">\n\t\t\t\t<div class=\"elementor-widget-container\">\n\t\t\t\t\t\t\t\t\t<p><span class=\"jCAhz ChMk0b\"><span class=\"ryNqvb\">Le r\u00e8glement g\u00e9n\u00e9ral est disponible ci-dessous.<\/span><\/span> <span class=\"jCAhz ChMk0b\"><span class=\"ryNqvb\">Si vous avez des questions concernant le salon, n&#8217;h\u00e9sitez pas \u00e0 les poser.<\/span><\/span><\/p>\t\t\t\t\t\t\t\t<\/div>\n\t\t\t\t<\/div>\n\t\t\t\t\t<\/div>\n\t\t<\/div>\n\t\t\t\t\t<\/div>\n\t\t<\/section>\n\t\t\t\t<section class=\"elementor-section elementor-top-section elementor-element elementor-element-26ce49f elementor-section-stretched elementor-section-boxed elementor-section-height-default elementor-section-height-default\" data-id=\"26ce49f\" data-element_type=\"section\" data-e-type=\"section\" data-settings=\"{&quot;stretch_section&quot;:&quot;section-stretched&quot;,&quot;background_background&quot;:&quot;classic&quot;}\">\n\t\t\t\t\t\t<div class=\"elementor-container elementor-column-gap-default\">\n\t\t\t\t\t<div class=\"elementor-column elementor-col-100 elementor-top-column elementor-element elementor-element-51d483c\" data-id=\"51d483c\" data-element_type=\"column\" data-e-type=\"column\">\n\t\t\t<div class=\"elementor-widget-wrap elementor-element-populated\">\n\t\t\t\t\t\t<div class=\"elementor-element elementor-element-6c7f56a elementor-widget__width-initial elementor-widget elementor-widget-accordion\" data-id=\"6c7f56a\" data-element_type=\"widget\" data-e-type=\"widget\" data-widget_type=\"accordion.default\">\n\t\t\t\t<div class=\"elementor-widget-container\">\n\t\t\t\t\t\t\t<div class=\"elementor-accordion\">\n\t\t\t\t\t\t\t<div class=\"elementor-accordion-item\">\n\t\t\t\t\t<div id=\"elementor-tab-title-1131\" class=\"elementor-tab-title\" data-tab=\"1\" role=\"button\" aria-controls=\"elementor-tab-content-1131\" aria-expanded=\"false\">\n\t\t\t\t\t\t\t\t\t\t\t\t\t<span class=\"elementor-accordion-icon elementor-accordion-icon-left\" aria-hidden=\"true\">\n\t\t\t\t\t\t\t\t\t\t\t\t\t\t\t<span class=\"elementor-accordion-icon-closed\"><i class=\"fas fa-plus\"><\/i><\/span>\n\t\t\t\t\t\t\t\t<span class=\"elementor-accordion-icon-opened\"><i class=\"fas fa-minus\"><\/i><\/span>\n\t\t\t\t\t\t\t\t\t\t\t\t\t\t<\/span>\n\t\t\t\t\t\t\t\t\t\t\t\t<a class=\"elementor-accordion-title\" tabindex=\"0\">R\u00e8gles g\u00e9n\u00e9rales et r\u00e8glementations<\/a>\n\t\t\t\t\t<\/div>\n\t\t\t\t\t<div id=\"elementor-tab-content-1131\" class=\"elementor-tab-content elementor-clearfix\" data-tab=\"1\" role=\"region\" aria-labelledby=\"elementor-tab-title-1131\"><p>Cliquez sur le lien ci-dessous pour acc\u00e9der au document contenant le r\u00e8glement g\u00e9n\u00e9ral.<\/p><p><a href=\"https:\/\/www.exporichmondfair.com\/wp-content\/uploads\/2025\/07\/General-Rules-and-Regulations-2025_FRENCH-AND-ENGLISH_DRAFT-FOR-BOARD.pdf\">General Rules and Regulations 2025_FRENCH AND ENGLISH_DRAFT FOR BOARD<\/a><\/p><\/div>\n\t\t\t\t<\/div>\n\t\t\t\t\t\t\t<div class=\"elementor-accordion-item\">\n\t\t\t\t\t<div id=\"elementor-tab-title-1132\" class=\"elementor-tab-title\" data-tab=\"2\" role=\"button\" aria-controls=\"elementor-tab-content-1132\" aria-expanded=\"false\">\n\t\t\t\t\t\t\t\t\t\t\t\t\t<span class=\"elementor-accordion-icon elementor-accordion-icon-left\" aria-hidden=\"true\">\n\t\t\t\t\t\t\t\t\t\t\t\t\t\t\t<span class=\"elementor-accordion-icon-closed\"><i class=\"fas fa-plus\"><\/i><\/span>\n\t\t\t\t\t\t\t\t<span class=\"elementor-accordion-icon-opened\"><i class=\"fas fa-minus\"><\/i><\/span>\n\t\t\t\t\t\t\t\t\t\t\t\t\t\t<\/span>\n\t\t\t\t\t\t\t\t\t\t\t\t<a class=\"elementor-accordion-title\" tabindex=\"0\">R\u00e8gles et cat\u00e9gories d'exposants<\/a>\n\t\t\t\t\t<\/div>\n\t\t\t\t\t<div id=\"elementor-tab-content-1132\" class=\"elementor-tab-content elementor-clearfix\" data-tab=\"2\" role=\"region\" aria-labelledby=\"elementor-tab-title-1132\"><p>Suivez le lien ci-dessous pour acc\u00e9der \u00e0 toutes les cat\u00e9gories et r\u00e8gles d&#8217;exposants.<\/p><p><a href=\"https:\/\/www.exporichmondfair.com\/fr\/exposants-8\/\">Exposants 8 &#8211; Expo Richmond Fair<\/a><\/p><\/div>\n\t\t\t\t<\/div>\n\t\t\t\t\t\t\t\t<\/div>\n\t\t\t\t\t\t<\/div>\n\t\t\t\t<\/div>\n\t\t\t\t\t<\/div>\n\t\t<\/div>\n\t\t\t\t\t<\/div>\n\t\t<\/section>\n\t\t\t\t<section class=\"elementor-section elementor-top-section elementor-element elementor-element-85f779e elementor-section-boxed elementor-section-height-default elementor-section-height-default\" data-id=\"85f779e\" data-element_type=\"section\" data-e-type=\"section\" data-settings=\"{&quot;background_background&quot;:&quot;classic&quot;}\">\n\t\t\t\t\t\t\t<div class=\"elementor-background-overlay\"><\/div>\n\t\t\t\t\t\t\t<div class=\"elementor-container elementor-column-gap-default\">\n\t\t\t\t\t<div class=\"elementor-column elementor-col-100 elementor-top-column elementor-element elementor-element-31d42c7\" data-id=\"31d42c7\" data-element_type=\"column\" data-e-type=\"column\">\n\t\t\t<div class=\"elementor-widget-wrap elementor-element-populated\">\n\t\t\t\t\t\t<div class=\"elementor-element elementor-element-b315980 elementor-widget elementor-widget-spacer\" data-id=\"b315980\" data-element_type=\"widget\" data-e-type=\"widget\" data-widget_type=\"spacer.default\">\n\t\t\t\t<div class=\"elementor-widget-container\">\n\t\t\t\t\t\t\t<div class=\"elementor-spacer\">\n\t\t\t<div class=\"elementor-spacer-inner\"><\/div>\n\t\t<\/div>\n\t\t\t\t\t\t<\/div>\n\t\t\t\t<\/div>\n\t\t\t\t<div class=\"elementor-element elementor-element-db8de0b elementor-widget elementor-widget-spacer\" data-id=\"db8de0b\" data-element_type=\"widget\" data-e-type=\"widget\" data-widget_type=\"spacer.default\">\n\t\t\t\t<div class=\"elementor-widget-container\">\n\t\t\t\t\t\t\t<div class=\"elementor-spacer\">\n\t\t\t<div class=\"elementor-spacer-inner\"><\/div>\n\t\t<\/div>\n\t\t\t\t\t\t<\/div>\n\t\t\t\t<\/div>\n\t\t\t\t<div class=\"elementor-element elementor-element-e2e89df elementor-widget elementor-widget-spacer\" data-id=\"e2e89df\" data-element_type=\"widget\" data-e-type=\"widget\" data-widget_type=\"spacer.default\">\n\t\t\t\t<div class=\"elementor-widget-container\">\n\t\t\t\t\t\t\t<div class=\"elementor-spacer\">\n\t\t\t<div class=\"elementor-spacer-inner\"><\/div>\n\t\t<\/div>\n\t\t\t\t\t\t<\/div>\n\t\t\t\t<\/div>\n\t\t\t\t<div class=\"elementor-element elementor-element-86c9df4 elementor-widget elementor-widget-spacer\" data-id=\"86c9df4\" data-element_type=\"widget\" data-e-type=\"widget\" data-widget_type=\"spacer.default\">\n\t\t\t\t<div class=\"elementor-widget-container\">\n\t\t\t\t\t\t\t<div class=\"elementor-spacer\">\n\t\t\t<div class=\"elementor-spacer-inner\"><\/div>\n\t\t<\/div>\n\t\t\t\t\t\t<\/div>\n\t\t\t\t<\/div>\n\t\t\t\t\t<\/div>\n\t\t<\/div>\n\t\t\t\t\t<\/div>\n\t\t<\/section>\n\t\t\t\t<\/div>\n\t\t","protected":false},"excerpt":{"rendered":"<p>Une exposition qui perdure dans le temps R\u00e8glements Le r\u00e8glement g\u00e9n\u00e9ral est disponible ci-dessous. Si vous avez des questions concernant le salon, n&#8217;h\u00e9sitez pas \u00e0 les poser. R\u00e8gles g\u00e9n\u00e9rales et r\u00e8glementations Cliquez sur le lien ci-dessous pour acc\u00e9der au document contenant le r\u00e8glement g\u00e9n\u00e9ral. General Rules and Regulations 2025_FRENCH AND ENGLISH_DRAFT FOR BOARD R\u00e8gles et [&hellip;]<\/p>\n","protected":false},"author":1,"featured_media":0,"parent":0,"menu_order":0,"comment_status":"closed","ping_status":"closed","template":"","meta":{"_et_pb_use_builder":"","_et_pb_old_content":"","_et_gb_content_width":"","_monsterinsights_skip_tracking":false,"_monsterinsights_sitenote_active":false,"_monsterinsights_sitenote_note":"","_monsterinsights_sitenote_category":0,"footnotes":""},"class_list":["post-24825","page","type-page","status-publish","hentry"],"yoast_head":"<!-- This site is optimized with the Yoast SEO plugin v27.3 - https:\/\/yoast.com\/product\/yoast-seo-wordpress\/ -->\n<title>Lois et r\u00e9glements g\u00e9neraux - Expo Richmond Fair<\/title>\n<meta name=\"robots\" content=\"index, follow, max-snippet:-1, max-image-preview:large, max-video-preview:-1\" \/>\n<link rel=\"canonical\" href=\"https:\/\/www.exporichmondfair.com\/fr\/lois-et-reglements-generaux\/\" \/>\n<meta property=\"og:locale\" content=\"fr_CA\" \/>\n<meta property=\"og:type\" content=\"article\" \/>\n<meta property=\"og:title\" content=\"Lois et r\u00e9glements g\u00e9neraux - Expo Richmond Fair\" \/>\n<meta property=\"og:description\" content=\"Une exposition qui perdure dans le temps R\u00e8glements Le r\u00e8glement g\u00e9n\u00e9ral est disponible ci-dessous. Si vous avez des questions concernant le salon, n&#8217;h\u00e9sitez pas \u00e0 les poser. R\u00e8gles g\u00e9n\u00e9rales et r\u00e8glementations Cliquez sur le lien ci-dessous pour acc\u00e9der au document contenant le r\u00e8glement g\u00e9n\u00e9ral. General Rules and Regulations 2025_FRENCH AND ENGLISH_DRAFT FOR BOARD R\u00e8gles et [&hellip;]\" \/>\n<meta property=\"og:url\" content=\"https:\/\/www.exporichmondfair.com\/fr\/lois-et-reglements-generaux\/\" \/>\n<meta property=\"og:site_name\" content=\"Expo Richmond Fair\" \/>\n<meta property=\"article:modified_time\" content=\"2025-08-10T03:44:15+00:00\" \/>\n<meta name=\"twitter:card\" content=\"summary_large_image\" \/>\n<meta name=\"twitter:label1\" content=\"Estimation du temps de lecture\" \/>\n\t<meta name=\"twitter:data1\" content=\"1 minute\" \/>\n<script type=\"application\/ld+json\" class=\"yoast-schema-graph\">{\"@context\":\"https:\\\/\\\/schema.org\",\"@graph\":[{\"@type\":\"WebPage\",\"@id\":\"https:\\\/\\\/www.exporichmondfair.com\\\/fr\\\/lois-et-reglements-generaux\\\/\",\"url\":\"https:\\\/\\\/www.exporichmondfair.com\\\/fr\\\/lois-et-reglements-generaux\\\/\",\"name\":\"Lois et r\u00e9glements g\u00e9neraux - Expo Richmond Fair\",\"isPartOf\":{\"@id\":\"https:\\\/\\\/www.exporichmondfair.com\\\/#website\"},\"datePublished\":\"2024-07-27T17:13:37+00:00\",\"dateModified\":\"2025-08-10T03:44:15+00:00\",\"breadcrumb\":{\"@id\":\"https:\\\/\\\/www.exporichmondfair.com\\\/fr\\\/lois-et-reglements-generaux\\\/#breadcrumb\"},\"inLanguage\":\"fr-CA\",\"potentialAction\":[{\"@type\":\"ReadAction\",\"target\":[\"https:\\\/\\\/www.exporichmondfair.com\\\/fr\\\/lois-et-reglements-generaux\\\/\"]}]},{\"@type\":\"BreadcrumbList\",\"@id\":\"https:\\\/\\\/www.exporichmondfair.com\\\/fr\\\/lois-et-reglements-generaux\\\/#breadcrumb\",\"itemListElement\":[{\"@type\":\"ListItem\",\"position\":1,\"name\":\"Accueil\",\"item\":\"https:\\\/\\\/www.exporichmondfair.com\\\/fr\\\/\"},{\"@type\":\"ListItem\",\"position\":2,\"name\":\"Lois et r\u00e9glements g\u00e9neraux\"}]},{\"@type\":\"WebSite\",\"@id\":\"https:\\\/\\\/www.exporichmondfair.com\\\/#website\",\"url\":\"https:\\\/\\\/www.exporichmondfair.com\\\/\",\"name\":\"Expo Richmond Fair\",\"description\":\"Bienvenue \u00e0 l&#039;Expo de Richmond!\",\"publisher\":{\"@id\":\"https:\\\/\\\/www.exporichmondfair.com\\\/#organization\"},\"potentialAction\":[{\"@type\":\"SearchAction\",\"target\":{\"@type\":\"EntryPoint\",\"urlTemplate\":\"https:\\\/\\\/www.exporichmondfair.com\\\/?s={search_term_string}\"},\"query-input\":{\"@type\":\"PropertyValueSpecification\",\"valueRequired\":true,\"valueName\":\"search_term_string\"}}],\"inLanguage\":\"fr-CA\"},{\"@type\":\"Organization\",\"@id\":\"https:\\\/\\\/www.exporichmondfair.com\\\/#organization\",\"name\":\"Expo Richmond Fair\",\"url\":\"https:\\\/\\\/www.exporichmondfair.com\\\/\",\"logo\":{\"@type\":\"ImageObject\",\"inLanguage\":\"fr-CA\",\"@id\":\"https:\\\/\\\/www.exporichmondfair.com\\\/#\\\/schema\\\/logo\\\/image\\\/\",\"url\":\"https:\\\/\\\/www.exporichmondfair.com\\\/wp-content\\\/uploads\\\/2025\\\/07\\\/cropped-cropped-6a92fa92-c8f4-41dc-8223-8636a1e53b38.jpg\",\"contentUrl\":\"https:\\\/\\\/www.exporichmondfair.com\\\/wp-content\\\/uploads\\\/2025\\\/07\\\/cropped-cropped-6a92fa92-c8f4-41dc-8223-8636a1e53b38.jpg\",\"width\":512,\"height\":252,\"caption\":\"Expo Richmond Fair\"},\"image\":{\"@id\":\"https:\\\/\\\/www.exporichmondfair.com\\\/#\\\/schema\\\/logo\\\/image\\\/\"}}]}<\/script>\n<!-- \/ Yoast SEO plugin. -->","yoast_head_json":{"title":"Lois et r\u00e9glements g\u00e9neraux - Expo Richmond Fair","robots":{"index":"index","follow":"follow","max-snippet":"max-snippet:-1","max-image-preview":"max-image-preview:large","max-video-preview":"max-video-preview:-1"},"canonical":"https:\/\/www.exporichmondfair.com\/fr\/lois-et-reglements-generaux\/","og_locale":"fr_CA","og_type":"article","og_title":"Lois et r\u00e9glements g\u00e9neraux - Expo Richmond Fair","og_description":"Une exposition qui perdure dans le temps R\u00e8glements Le r\u00e8glement g\u00e9n\u00e9ral est disponible ci-dessous. Si vous avez des questions concernant le salon, n&#8217;h\u00e9sitez pas \u00e0 les poser. R\u00e8gles g\u00e9n\u00e9rales et r\u00e8glementations Cliquez sur le lien ci-dessous pour acc\u00e9der au document contenant le r\u00e8glement g\u00e9n\u00e9ral. General Rules and Regulations 2025_FRENCH AND ENGLISH_DRAFT FOR BOARD R\u00e8gles et [&hellip;]","og_url":"https:\/\/www.exporichmondfair.com\/fr\/lois-et-reglements-generaux\/","og_site_name":"Expo Richmond Fair","article_modified_time":"2025-08-10T03:44:15+00:00","twitter_card":"summary_large_image","twitter_misc":{"Estimation du temps de lecture":"1 minute"},"schema":{"@context":"https:\/\/schema.org","@graph":[{"@type":"WebPage","@id":"https:\/\/www.exporichmondfair.com\/fr\/lois-et-reglements-generaux\/","url":"https:\/\/www.exporichmondfair.com\/fr\/lois-et-reglements-generaux\/","name":"Lois et r\u00e9glements g\u00e9neraux - Expo Richmond Fair","isPartOf":{"@id":"https:\/\/www.exporichmondfair.com\/#website"},"datePublished":"2024-07-27T17:13:37+00:00","dateModified":"2025-08-10T03:44:15+00:00","breadcrumb":{"@id":"https:\/\/www.exporichmondfair.com\/fr\/lois-et-reglements-generaux\/#breadcrumb"},"inLanguage":"fr-CA","potentialAction":[{"@type":"ReadAction","target":["https:\/\/www.exporichmondfair.com\/fr\/lois-et-reglements-generaux\/"]}]},{"@type":"BreadcrumbList","@id":"https:\/\/www.exporichmondfair.com\/fr\/lois-et-reglements-generaux\/#breadcrumb","itemListElement":[{"@type":"ListItem","position":1,"name":"Accueil","item":"https:\/\/www.exporichmondfair.com\/fr\/"},{"@type":"ListItem","position":2,"name":"Lois et r\u00e9glements g\u00e9neraux"}]},{"@type":"WebSite","@id":"https:\/\/www.exporichmondfair.com\/#website","url":"https:\/\/www.exporichmondfair.com\/","name":"Expo Richmond Fair","description":"Bienvenue \u00e0 l&#039;Expo de Richmond!","publisher":{"@id":"https:\/\/www.exporichmondfair.com\/#organization"},"potentialAction":[{"@type":"SearchAction","target":{"@type":"EntryPoint","urlTemplate":"https:\/\/www.exporichmondfair.com\/?s={search_term_string}"},"query-input":{"@type":"PropertyValueSpecification","valueRequired":true,"valueName":"search_term_string"}}],"inLanguage":"fr-CA"},{"@type":"Organization","@id":"https:\/\/www.exporichmondfair.com\/#organization","name":"Expo Richmond Fair","url":"https:\/\/www.exporichmondfair.com\/","logo":{"@type":"ImageObject","inLanguage":"fr-CA","@id":"https:\/\/www.exporichmondfair.com\/#\/schema\/logo\/image\/","url":"https:\/\/www.exporichmondfair.com\/wp-content\/uploads\/2025\/07\/cropped-cropped-6a92fa92-c8f4-41dc-8223-8636a1e53b38.jpg","contentUrl":"https:\/\/www.exporichmondfair.com\/wp-content\/uploads\/2025\/07\/cropped-cropped-6a92fa92-c8f4-41dc-8223-8636a1e53b38.jpg","width":512,"height":252,"caption":"Expo Richmond Fair"},"image":{"@id":"https:\/\/www.exporichmondfair.com\/#\/schema\/logo\/image\/"}}]}},"_links":{"self":[{"href":"https:\/\/www.exporichmondfair.com\/fr\/wp-json\/wp\/v2\/pages\/24825","targetHints":{"allow":["GET"]}}],"collection":[{"href":"https:\/\/www.exporichmondfair.com\/fr\/wp-json\/wp\/v2\/pages"}],"about":[{"href":"https:\/\/www.exporichmondfair.com\/fr\/wp-json\/wp\/v2\/types\/page"}],"author":[{"embeddable":true,"href":"https:\/\/www.exporichmondfair.com\/fr\/wp-json\/wp\/v2\/users\/1"}],"replies":[{"embeddable":true,"href":"https:\/\/www.exporichmondfair.com\/fr\/wp-json\/wp\/v2\/comments?post=24825"}],"version-history":[{"count":14,"href":"https:\/\/www.exporichmondfair.com\/fr\/wp-json\/wp\/v2\/pages\/24825\/revisions"}],"predecessor-version":[{"id":25535,"href":"https:\/\/www.exporichmondfair.com\/fr\/wp-json\/wp\/v2\/pages\/24825\/revisions\/25535"}],"wp:attachment":[{"href":"https:\/\/www.exporichmondfair.com\/fr\/wp-json\/wp\/v2\/media?parent=24825"}],"curies":[{"name":"wp","href":"https:\/\/api.w.org\/{rel}","templated":true}]}}