{"id":25280,"date":"2025-04-04T22:13:01","date_gmt":"2025-04-04T22:13:01","guid":{"rendered":"https:\/\/www.exporichmondfair.com\/accueil\/murals\/"},"modified":"2025-05-28T18:14:21","modified_gmt":"2025-05-28T18:14:21","slug":"murals","status":"publish","type":"page","link":"https:\/\/www.exporichmondfair.com\/fr\/activites\/murals\/","title":{"rendered":"Murals"},"content":{"rendered":"\t\t<div data-elementor-type=\"wp-page\" data-elementor-id=\"25280\" class=\"elementor elementor-25280\">\n\t\t\t\t\t\t<section class=\"elementor-section elementor-top-section elementor-element elementor-element-4f149fb7 elementor-section-boxed elementor-section-height-default elementor-section-height-default\" data-id=\"4f149fb7\" data-element_type=\"section\" data-e-type=\"section\">\n\t\t\t\t\t\t<div class=\"elementor-container elementor-column-gap-default\">\n\t\t\t\t\t<div class=\"elementor-column elementor-col-100 elementor-top-column elementor-element elementor-element-c41501f\" data-id=\"c41501f\" data-element_type=\"column\" data-e-type=\"column\">\n\t\t\t<div class=\"elementor-widget-wrap elementor-element-populated\">\n\t\t\t\t\t\t<div class=\"elementor-element elementor-element-689e0f9a elementor-widget elementor-widget-text-editor\" data-id=\"689e0f9a\" data-element_type=\"widget\" data-e-type=\"widget\" data-widget_type=\"text-editor.default\">\n\t\t\t\t<div class=\"elementor-widget-container\">\n\t\t\t\t\t\t\t\t\t<img fetchpriority=\"high\" fetchpriority=\"high\" decoding=\"async\" class=\"alignnone wp-image-25259 size-full\" src=\"https:\/\/www.exporichmondfair.com\/wp-content\/ae4webp\/wp-content\/uploads\/2025\/04\/458751754_2831297647038275_1427482467990385122_n.webp\" alt=\"\" width=\"838\" height=\"540\" \/>\n<h4 style=\"text-align: left;\">En pr\u00e9vision de son 175e anniversaire, l&#8217;Expo de Richmond a d\u00e9voil\u00e9 sa premi\u00e8re murale c\u00e9l\u00e9brant l&#8217;histoire de l&#8217;agriculture lors de sa 168e \u00e9dition en septembre 2024. Cette murale a \u00e9t\u00e9 r\u00e9alis\u00e9e par Amanda Bushey et Danny Perkins.<\/h4>\nCette murale repr\u00e9sente l&#8217;histoire et l&#8217;\u00e9volution de l&#8217;agriculture au fil des ans. L&#8217;ajout de murales au site de l&#8217;expo est une fa\u00e7on de rendre notre espace plus attrayant tout en ajoutant beaut\u00e9 et inspiration artistiques \u00e0 notre environnement. Les jeunes g\u00e9n\u00e9rations pourront d\u00e9couvrir l&#8217;histoire de l&#8217;agriculture gr\u00e2ce \u00e0 certains des sujets abord\u00e9s dans les murales. Et les g\u00e9n\u00e9rations plus \u00e2g\u00e9es pourront se rem\u00e9morer des souvenirs.\n\nL&#8217;Expo de Richmond est rendue possible gr\u00e2ce au soutien financier du minist\u00e8re de l&#8217;Agriculture, des P\u00eacheries et de l&#8217;Alimentation du Qu\u00e9bec dans le cadre du Programme d&#8217;appui aux expositions agricoles. La MRC du Val-Saint-Fran\u00e7ois, par l&#8217;interm\u00e9diaire du Fonds de soutien aux projets structurants, ainsi que de nombreux commanditaires, sont \u00e9galement fiers de contribuer \u00e0 l&#8217;exposition et au projet de peinture murale.\n\n<img decoding=\"async\" class=\"alignnone wp-image-25257 size-full\" src=\"https:\/\/www.exporichmondfair.com\/wp-content\/ae4webp\/wp-content\/uploads\/2025\/04\/457506097_926173476001940_6167101616254226062_n.webp\" alt=\"\" width=\"1440\" height=\"818\" \/>\n\n&nbsp;\t\t\t\t\t\t\t\t<\/div>\n\t\t\t\t<\/div>\n\t\t\t\t\t<\/div>\n\t\t<\/div>\n\t\t\t\t\t<\/div>\n\t\t<\/section>\n\t\t\t\t<\/div>\n\t\t","protected":false},"excerpt":{"rendered":"<p>En pr\u00e9vision de son 175e anniversaire, l&#8217;Expo de Richmond a d\u00e9voil\u00e9 sa premi\u00e8re murale c\u00e9l\u00e9brant l&#8217;histoire de l&#8217;agriculture lors de sa 168e \u00e9dition en septembre 2024. Cette murale a \u00e9t\u00e9 r\u00e9alis\u00e9e par Amanda Bushey et Danny Perkins. Cette murale repr\u00e9sente l&#8217;histoire et l&#8217;\u00e9volution de l&#8217;agriculture au fil des ans. L&#8217;ajout de murales au site de [&hellip;]<\/p>\n","protected":false},"author":8,"featured_media":25260,"parent":23256,"menu_order":0,"comment_status":"closed","ping_status":"closed","template":"","meta":{"_et_pb_use_builder":"","_et_pb_old_content":"","_et_gb_content_width":"","_monsterinsights_skip_tracking":false,"_monsterinsights_sitenote_active":false,"_monsterinsights_sitenote_note":"","_monsterinsights_sitenote_category":0,"footnotes":""},"class_list":["post-25280","page","type-page","status-publish","has-post-thumbnail","hentry"],"yoast_head":"<!-- This site is optimized with the Yoast SEO plugin v27.3 - https:\/\/yoast.com\/product\/yoast-seo-wordpress\/ -->\n<title>Murals - Expo Richmond Fair<\/title>\n<meta name=\"description\" content=\"Discover the mural at Expo Richmond Fair. The 2nd edition will be painted this year. A fundraising supper will take place May 31st.\" \/>\n<meta name=\"robots\" content=\"index, follow, max-snippet:-1, max-image-preview:large, max-video-preview:-1\" \/>\n<link rel=\"canonical\" href=\"https:\/\/www.exporichmondfair.com\/fr\/activites\/murals\/\" \/>\n<meta property=\"og:locale\" content=\"fr_CA\" \/>\n<meta property=\"og:type\" content=\"article\" \/>\n<meta property=\"og:title\" content=\"Murals - Expo Richmond Fair\" \/>\n<meta property=\"og:description\" content=\"Discover the mural at Expo Richmond Fair. The 2nd edition will be painted this year. A fundraising supper will take place May 31st.\" \/>\n<meta property=\"og:url\" content=\"https:\/\/www.exporichmondfair.com\/fr\/activites\/murals\/\" \/>\n<meta property=\"og:site_name\" content=\"Expo Richmond Fair\" \/>\n<meta property=\"article:modified_time\" content=\"2025-05-28T18:14:21+00:00\" \/>\n<meta property=\"og:image\" content=\"https:\/\/www.exporichmondfair.com\/wp-content\/uploads\/2025\/04\/458751754_2831297647038275_1427482467990385122_n.jpg\" \/>\n\t<meta property=\"og:image:width\" content=\"838\" \/>\n\t<meta property=\"og:image:height\" content=\"540\" \/>\n\t<meta property=\"og:image:type\" content=\"image\/jpeg\" \/>\n<meta name=\"twitter:card\" content=\"summary_large_image\" \/>\n<meta name=\"twitter:label1\" content=\"Estimation du temps de lecture\" \/>\n\t<meta name=\"twitter:data1\" content=\"2 minutes\" \/>\n<script type=\"application\/ld+json\" class=\"yoast-schema-graph\">{\"@context\":\"https:\\\/\\\/schema.org\",\"@graph\":[{\"@type\":\"WebPage\",\"@id\":\"https:\\\/\\\/www.exporichmondfair.com\\\/fr\\\/activites\\\/murals\\\/\",\"url\":\"https:\\\/\\\/www.exporichmondfair.com\\\/fr\\\/activites\\\/murals\\\/\",\"name\":\"Murals - Expo Richmond Fair\",\"isPartOf\":{\"@id\":\"https:\\\/\\\/www.exporichmondfair.com\\\/#website\"},\"primaryImageOfPage\":{\"@id\":\"https:\\\/\\\/www.exporichmondfair.com\\\/fr\\\/activites\\\/murals\\\/#primaryimage\"},\"image\":{\"@id\":\"https:\\\/\\\/www.exporichmondfair.com\\\/fr\\\/activites\\\/murals\\\/#primaryimage\"},\"thumbnailUrl\":\"https:\\\/\\\/www.exporichmondfair.com\\\/wp-content\\\/uploads\\\/2025\\\/04\\\/458751754_2831297647038275_1427482467990385122_n.jpg\",\"datePublished\":\"2025-04-04T22:13:01+00:00\",\"dateModified\":\"2025-05-28T18:14:21+00:00\",\"description\":\"Discover the mural at Expo Richmond Fair. The 2nd edition will be painted this year. A fundraising supper will take place May 31st.\",\"breadcrumb\":{\"@id\":\"https:\\\/\\\/www.exporichmondfair.com\\\/fr\\\/activites\\\/murals\\\/#breadcrumb\"},\"inLanguage\":\"fr-CA\",\"potentialAction\":[{\"@type\":\"ReadAction\",\"target\":[\"https:\\\/\\\/www.exporichmondfair.com\\\/fr\\\/activites\\\/murals\\\/\"]}]},{\"@type\":\"ImageObject\",\"inLanguage\":\"fr-CA\",\"@id\":\"https:\\\/\\\/www.exporichmondfair.com\\\/fr\\\/activites\\\/murals\\\/#primaryimage\",\"url\":\"https:\\\/\\\/www.exporichmondfair.com\\\/wp-content\\\/uploads\\\/2025\\\/04\\\/458751754_2831297647038275_1427482467990385122_n.jpg\",\"contentUrl\":\"https:\\\/\\\/www.exporichmondfair.com\\\/wp-content\\\/uploads\\\/2025\\\/04\\\/458751754_2831297647038275_1427482467990385122_n.jpg\",\"width\":838,\"height\":540},{\"@type\":\"BreadcrumbList\",\"@id\":\"https:\\\/\\\/www.exporichmondfair.com\\\/fr\\\/activites\\\/murals\\\/#breadcrumb\",\"itemListElement\":[{\"@type\":\"ListItem\",\"position\":1,\"name\":\"Accueil\",\"item\":\"https:\\\/\\\/www.exporichmondfair.com\\\/fr\\\/\"},{\"@type\":\"ListItem\",\"position\":2,\"name\":\"Activit\u00e9s\",\"item\":\"https:\\\/\\\/www.exporichmondfair.com\\\/fr\\\/activites\\\/\"},{\"@type\":\"ListItem\",\"position\":3,\"name\":\"Murals\"}]},{\"@type\":\"WebSite\",\"@id\":\"https:\\\/\\\/www.exporichmondfair.com\\\/#website\",\"url\":\"https:\\\/\\\/www.exporichmondfair.com\\\/\",\"name\":\"Expo Richmond Fair\",\"description\":\"Bienvenue \u00e0 l&#039;Expo de Richmond!\",\"publisher\":{\"@id\":\"https:\\\/\\\/www.exporichmondfair.com\\\/#organization\"},\"potentialAction\":[{\"@type\":\"SearchAction\",\"target\":{\"@type\":\"EntryPoint\",\"urlTemplate\":\"https:\\\/\\\/www.exporichmondfair.com\\\/?s={search_term_string}\"},\"query-input\":{\"@type\":\"PropertyValueSpecification\",\"valueRequired\":true,\"valueName\":\"search_term_string\"}}],\"inLanguage\":\"fr-CA\"},{\"@type\":\"Organization\",\"@id\":\"https:\\\/\\\/www.exporichmondfair.com\\\/#organization\",\"name\":\"Expo Richmond Fair\",\"url\":\"https:\\\/\\\/www.exporichmondfair.com\\\/\",\"logo\":{\"@type\":\"ImageObject\",\"inLanguage\":\"fr-CA\",\"@id\":\"https:\\\/\\\/www.exporichmondfair.com\\\/#\\\/schema\\\/logo\\\/image\\\/\",\"url\":\"https:\\\/\\\/www.exporichmondfair.com\\\/wp-content\\\/uploads\\\/2025\\\/07\\\/cropped-cropped-6a92fa92-c8f4-41dc-8223-8636a1e53b38.jpg\",\"contentUrl\":\"https:\\\/\\\/www.exporichmondfair.com\\\/wp-content\\\/uploads\\\/2025\\\/07\\\/cropped-cropped-6a92fa92-c8f4-41dc-8223-8636a1e53b38.jpg\",\"width\":512,\"height\":252,\"caption\":\"Expo Richmond Fair\"},\"image\":{\"@id\":\"https:\\\/\\\/www.exporichmondfair.com\\\/#\\\/schema\\\/logo\\\/image\\\/\"}}]}<\/script>\n<!-- \/ Yoast SEO plugin. -->","yoast_head_json":{"title":"Murals - Expo Richmond Fair","description":"Discover the mural at Expo Richmond Fair. The 2nd edition will be painted this year. A fundraising supper will take place May 31st.","robots":{"index":"index","follow":"follow","max-snippet":"max-snippet:-1","max-image-preview":"max-image-preview:large","max-video-preview":"max-video-preview:-1"},"canonical":"https:\/\/www.exporichmondfair.com\/fr\/activites\/murals\/","og_locale":"fr_CA","og_type":"article","og_title":"Murals - Expo Richmond Fair","og_description":"Discover the mural at Expo Richmond Fair. The 2nd edition will be painted this year. A fundraising supper will take place May 31st.","og_url":"https:\/\/www.exporichmondfair.com\/fr\/activites\/murals\/","og_site_name":"Expo Richmond Fair","article_modified_time":"2025-05-28T18:14:21+00:00","og_image":[{"width":838,"height":540,"url":"https:\/\/www.exporichmondfair.com\/wp-content\/uploads\/2025\/04\/458751754_2831297647038275_1427482467990385122_n.jpg","type":"image\/jpeg"}],"twitter_card":"summary_large_image","twitter_misc":{"Estimation du temps de lecture":"2 minutes"},"schema":{"@context":"https:\/\/schema.org","@graph":[{"@type":"WebPage","@id":"https:\/\/www.exporichmondfair.com\/fr\/activites\/murals\/","url":"https:\/\/www.exporichmondfair.com\/fr\/activites\/murals\/","name":"Murals - Expo Richmond Fair","isPartOf":{"@id":"https:\/\/www.exporichmondfair.com\/#website"},"primaryImageOfPage":{"@id":"https:\/\/www.exporichmondfair.com\/fr\/activites\/murals\/#primaryimage"},"image":{"@id":"https:\/\/www.exporichmondfair.com\/fr\/activites\/murals\/#primaryimage"},"thumbnailUrl":"https:\/\/www.exporichmondfair.com\/wp-content\/uploads\/2025\/04\/458751754_2831297647038275_1427482467990385122_n.jpg","datePublished":"2025-04-04T22:13:01+00:00","dateModified":"2025-05-28T18:14:21+00:00","description":"Discover the mural at Expo Richmond Fair. The 2nd edition will be painted this year. A fundraising supper will take place May 31st.","breadcrumb":{"@id":"https:\/\/www.exporichmondfair.com\/fr\/activites\/murals\/#breadcrumb"},"inLanguage":"fr-CA","potentialAction":[{"@type":"ReadAction","target":["https:\/\/www.exporichmondfair.com\/fr\/activites\/murals\/"]}]},{"@type":"ImageObject","inLanguage":"fr-CA","@id":"https:\/\/www.exporichmondfair.com\/fr\/activites\/murals\/#primaryimage","url":"https:\/\/www.exporichmondfair.com\/wp-content\/uploads\/2025\/04\/458751754_2831297647038275_1427482467990385122_n.jpg","contentUrl":"https:\/\/www.exporichmondfair.com\/wp-content\/uploads\/2025\/04\/458751754_2831297647038275_1427482467990385122_n.jpg","width":838,"height":540},{"@type":"BreadcrumbList","@id":"https:\/\/www.exporichmondfair.com\/fr\/activites\/murals\/#breadcrumb","itemListElement":[{"@type":"ListItem","position":1,"name":"Accueil","item":"https:\/\/www.exporichmondfair.com\/fr\/"},{"@type":"ListItem","position":2,"name":"Activit\u00e9s","item":"https:\/\/www.exporichmondfair.com\/fr\/activites\/"},{"@type":"ListItem","position":3,"name":"Murals"}]},{"@type":"WebSite","@id":"https:\/\/www.exporichmondfair.com\/#website","url":"https:\/\/www.exporichmondfair.com\/","name":"Expo Richmond Fair","description":"Bienvenue \u00e0 l&#039;Expo de Richmond!","publisher":{"@id":"https:\/\/www.exporichmondfair.com\/#organization"},"potentialAction":[{"@type":"SearchAction","target":{"@type":"EntryPoint","urlTemplate":"https:\/\/www.exporichmondfair.com\/?s={search_term_string}"},"query-input":{"@type":"PropertyValueSpecification","valueRequired":true,"valueName":"search_term_string"}}],"inLanguage":"fr-CA"},{"@type":"Organization","@id":"https:\/\/www.exporichmondfair.com\/#organization","name":"Expo Richmond Fair","url":"https:\/\/www.exporichmondfair.com\/","logo":{"@type":"ImageObject","inLanguage":"fr-CA","@id":"https:\/\/www.exporichmondfair.com\/#\/schema\/logo\/image\/","url":"https:\/\/www.exporichmondfair.com\/wp-content\/uploads\/2025\/07\/cropped-cropped-6a92fa92-c8f4-41dc-8223-8636a1e53b38.jpg","contentUrl":"https:\/\/www.exporichmondfair.com\/wp-content\/uploads\/2025\/07\/cropped-cropped-6a92fa92-c8f4-41dc-8223-8636a1e53b38.jpg","width":512,"height":252,"caption":"Expo Richmond Fair"},"image":{"@id":"https:\/\/www.exporichmondfair.com\/#\/schema\/logo\/image\/"}}]}},"_links":{"self":[{"href":"https:\/\/www.exporichmondfair.com\/fr\/wp-json\/wp\/v2\/pages\/25280","targetHints":{"allow":["GET"]}}],"collection":[{"href":"https:\/\/www.exporichmondfair.com\/fr\/wp-json\/wp\/v2\/pages"}],"about":[{"href":"https:\/\/www.exporichmondfair.com\/fr\/wp-json\/wp\/v2\/types\/page"}],"author":[{"embeddable":true,"href":"https:\/\/www.exporichmondfair.com\/fr\/wp-json\/wp\/v2\/users\/8"}],"replies":[{"embeddable":true,"href":"https:\/\/www.exporichmondfair.com\/fr\/wp-json\/wp\/v2\/comments?post=25280"}],"version-history":[{"count":5,"href":"https:\/\/www.exporichmondfair.com\/fr\/wp-json\/wp\/v2\/pages\/25280\/revisions"}],"predecessor-version":[{"id":25307,"href":"https:\/\/www.exporichmondfair.com\/fr\/wp-json\/wp\/v2\/pages\/25280\/revisions\/25307"}],"up":[{"embeddable":true,"href":"https:\/\/www.exporichmondfair.com\/fr\/wp-json\/wp\/v2\/pages\/23256"}],"wp:featuredmedia":[{"embeddable":true,"href":"https:\/\/www.exporichmondfair.com\/fr\/wp-json\/wp\/v2\/media\/25260"}],"wp:attachment":[{"href":"https:\/\/www.exporichmondfair.com\/fr\/wp-json\/wp\/v2\/media?parent=25280"}],"curies":[{"name":"wp","href":"https:\/\/api.w.org\/{rel}","templated":true}]}}