{"id":25803,"date":"2026-04-21T17:27:36","date_gmt":"2026-04-21T17:27:36","guid":{"rendered":"https:\/\/www.exporichmondfair.com\/?page_id=25803"},"modified":"2026-04-25T17:29:28","modified_gmt":"2026-04-25T17:29:28","slug":"artworkshops-fr","status":"publish","type":"page","link":"https:\/\/www.exporichmondfair.com\/fr\/activites\/artworkshops-fr\/","title":{"rendered":"Ateliers d\u2019art"},"content":{"rendered":"\t\t<div data-elementor-type=\"wp-page\" data-elementor-id=\"25803\" class=\"elementor elementor-25803\">\n\t\t\t\t\t\t<section class=\"elementor-section elementor-top-section elementor-element elementor-element-4f149fb7 elementor-section-boxed elementor-section-height-default elementor-section-height-default\" data-id=\"4f149fb7\" data-element_type=\"section\" data-e-type=\"section\">\n\t\t\t\t\t\t<div class=\"elementor-container elementor-column-gap-default\">\n\t\t\t\t\t<div class=\"elementor-column elementor-col-100 elementor-top-column elementor-element elementor-element-c41501f\" data-id=\"c41501f\" data-element_type=\"column\" data-e-type=\"column\">\n\t\t\t<div class=\"elementor-widget-wrap elementor-element-populated\">\n\t\t\t\t\t\t<div class=\"elementor-element elementor-element-689e0f9a elementor-widget elementor-widget-text-editor\" data-id=\"689e0f9a\" data-element_type=\"widget\" data-e-type=\"widget\" data-widget_type=\"text-editor.default\">\n\t\t\t\t<div class=\"elementor-widget-container\">\n\t\t\t\t\t\t\t\t\t<p><img fetchpriority=\"high\" fetchpriority=\"high\" decoding=\"async\" class=\"alignnone wp-image-25806 size-full\" src=\"https:\/\/www.exporichmondfair.com\/wp-content\/uploads\/2026\/04\/633353650_122152426136730604_5124718773410391584_n.jpg\" alt=\"\" width=\"1080\" height=\"609\" srcset=\"https:\/\/www.exporichmondfair.com\/wp-content\/uploads\/2026\/04\/633353650_122152426136730604_5124718773410391584_n.jpg 1080w, https:\/\/www.exporichmondfair.com\/wp-content\/uploads\/2026\/04\/633353650_122152426136730604_5124718773410391584_n-980x553.jpg 980w, https:\/\/www.exporichmondfair.com\/wp-content\/uploads\/2026\/04\/633353650_122152426136730604_5124718773410391584_n-480x271.jpg 480w\" sizes=\"(min-width: 0px) and (max-width: 480px) 480px, (min-width: 481px) and (max-width: 980px) 980px, (min-width: 981px) 1080px, 100vw\" \/><\/p><p>(C) M\u00e9lanie Gauthier<\/p><p data-start=\"0\" data-end=\"297\">Nous avons la chance de pouvoir offrir des ateliers gratuits \u00e0 la communaut\u00e9 dans le cadre d\u2019un projet pilote pour lequel nous avons re\u00e7u du financement. Il s\u2019agit d\u2019une initiative qui nous enthousiasme particuli\u00e8rement dans le cadre des c\u00e9l\u00e9brations de notre 170e anniversaire.<\/p><p data-start=\"299\" data-end=\"497\">Les participants peuvent, s\u2019ils le souhaitent, pr\u00e9senter leurs projets artistiques \u00e0 la foire dans la toute nouvelle section des arts visuels. La liste des ateliers sera mise \u00e0 jour r\u00e9guli\u00e8rement.<\/p><p data-start=\"499\" data-end=\"770\">Chaque personne peut s\u2019inscrire \u00e0 un maximum de trois ateliers. Une fois ce nombre atteint, il est possible d\u2019\u00eatre inscrit sur une liste d\u2019attente pour d\u2019autres ateliers, s\u2019il reste des places disponibles. Toutefois, la priorit\u00e9 sera accord\u00e9e aux nouveaux participants.<\/p><p data-start=\"772\" data-end=\"945\">Pour participer \u00e0 un atelier, vous devez vous inscrire en envoyant un courriel \u00e0 <a class=\"decorated-link cursor-pointer\" rel=\"noopener\" data-start=\"853\" data-end=\"883\">adjointeexporichmond@gmail.com<\/a> ou en appelant \/ envoyant un message texte au 819-471-1944.<\/p><p data-start=\"772\" data-end=\"945\"><strong>Ateliers actuellement offerts<\/strong><\/p><p data-start=\"772\" data-end=\"945\"><img decoding=\"async\" class=\"alignnone wp-image-25824 size-full\" src=\"https:\/\/www.exporichmondfair.com\/wp-content\/uploads\/2026\/04\/Live-model-May-7.jpg\" alt=\"\" width=\"1024\" height=\"1536\" srcset=\"https:\/\/www.exporichmondfair.com\/wp-content\/uploads\/2026\/04\/Live-model-May-7.jpg 1024w, https:\/\/www.exporichmondfair.com\/wp-content\/uploads\/2026\/04\/Live-model-May-7-980x1470.jpg 980w, https:\/\/www.exporichmondfair.com\/wp-content\/uploads\/2026\/04\/Live-model-May-7-480x720.jpg 480w\" sizes=\"(min-width: 0px) and (max-width: 480px) 480px, (min-width: 481px) and (max-width: 980px) 980px, (min-width: 981px) 1024px, 100vw\" \/><\/p><p data-start=\"772\" data-end=\"945\">\u00a0<\/p><p data-start=\"772\" data-end=\"945\"><img decoding=\"async\" class=\"alignnone wp-image-25828 size-full\" src=\"https:\/\/www.exporichmondfair.com\/wp-content\/uploads\/2026\/04\/Gellipad-May-18-1.jpg\" alt=\"\" width=\"1365\" height=\"2048\" srcset=\"https:\/\/www.exporichmondfair.com\/wp-content\/uploads\/2026\/04\/Gellipad-May-18-1.jpg 1365w, https:\/\/www.exporichmondfair.com\/wp-content\/uploads\/2026\/04\/Gellipad-May-18-1-1280x1920.jpg 1280w, https:\/\/www.exporichmondfair.com\/wp-content\/uploads\/2026\/04\/Gellipad-May-18-1-980x1470.jpg 980w, https:\/\/www.exporichmondfair.com\/wp-content\/uploads\/2026\/04\/Gellipad-May-18-1-480x720.jpg 480w\" sizes=\"(min-width: 0px) and (max-width: 480px) 480px, (min-width: 481px) and (max-width: 980px) 980px, (min-width: 981px) and (max-width: 1280px) 1280px, (min-width: 1281px) 1365px, 100vw\" \/><\/p>\t\t\t\t\t\t\t\t<\/div>\n\t\t\t\t<\/div>\n\t\t\t\t\t<\/div>\n\t\t<\/div>\n\t\t\t\t\t<\/div>\n\t\t<\/section>\n\t\t\t\t<\/div>\n\t\t","protected":false},"excerpt":{"rendered":"<p>(C) M\u00e9lanie Gauthier Nous avons la chance de pouvoir offrir des ateliers gratuits \u00e0 la communaut\u00e9 dans le cadre d\u2019un projet pilote pour lequel nous avons re\u00e7u du financement. Il s\u2019agit d\u2019une initiative qui nous enthousiasme particuli\u00e8rement dans le cadre des c\u00e9l\u00e9brations de notre 170e anniversaire. Les participants peuvent, s\u2019ils le souhaitent, pr\u00e9senter leurs projets [&hellip;]<\/p>\n","protected":false},"author":8,"featured_media":25806,"parent":23256,"menu_order":0,"comment_status":"closed","ping_status":"closed","template":"","meta":{"_et_pb_use_builder":"","_et_pb_old_content":"","_et_gb_content_width":"","_monsterinsights_skip_tracking":false,"_monsterinsights_sitenote_active":false,"_monsterinsights_sitenote_note":"","_monsterinsights_sitenote_category":0,"footnotes":""},"class_list":["post-25803","page","type-page","status-publish","has-post-thumbnail","hentry"],"yoast_head":"<!-- This site is optimized with the Yoast SEO plugin v27.4 - https:\/\/yoast.com\/product\/yoast-seo-wordpress\/ -->\n<title>Ateliers d\u2019art - Expo Richmond Fair<\/title>\n<meta name=\"description\" content=\"Discover the mural at Expo Richmond Fair. The 2nd edition will be painted this year. A fundraising supper will take place May 31st.\" \/>\n<meta name=\"robots\" content=\"index, follow, max-snippet:-1, max-image-preview:large, max-video-preview:-1\" \/>\n<link rel=\"canonical\" href=\"https:\/\/www.exporichmondfair.com\/fr\/activites\/artworkshops-fr\/\" \/>\n<meta property=\"og:locale\" content=\"fr_CA\" \/>\n<meta property=\"og:type\" content=\"article\" \/>\n<meta property=\"og:title\" content=\"Ateliers d\u2019art - Expo Richmond Fair\" \/>\n<meta property=\"og:description\" content=\"Discover the mural at Expo Richmond Fair. The 2nd edition will be painted this year. A fundraising supper will take place May 31st.\" \/>\n<meta property=\"og:url\" content=\"https:\/\/www.exporichmondfair.com\/fr\/activites\/artworkshops-fr\/\" \/>\n<meta property=\"og:site_name\" content=\"Expo Richmond Fair\" \/>\n<meta property=\"article:modified_time\" content=\"2026-04-25T17:29:28+00:00\" \/>\n<meta property=\"og:image\" content=\"https:\/\/www.exporichmondfair.com\/wp-content\/uploads\/2026\/04\/633353650_122152426136730604_5124718773410391584_n.jpg\" \/>\n\t<meta property=\"og:image:width\" content=\"1080\" \/>\n\t<meta property=\"og:image:height\" content=\"609\" \/>\n\t<meta property=\"og:image:type\" content=\"image\/jpeg\" \/>\n<meta name=\"twitter:card\" content=\"summary_large_image\" \/>\n<meta name=\"twitter:label1\" content=\"Estimation du temps de lecture\" \/>\n\t<meta name=\"twitter:data1\" content=\"2 minutes\" \/>\n<script type=\"application\/ld+json\" class=\"yoast-schema-graph\">{\"@context\":\"https:\\\/\\\/schema.org\",\"@graph\":[{\"@type\":\"WebPage\",\"@id\":\"https:\\\/\\\/www.exporichmondfair.com\\\/fr\\\/activites\\\/artworkshops-fr\\\/\",\"url\":\"https:\\\/\\\/www.exporichmondfair.com\\\/fr\\\/activites\\\/artworkshops-fr\\\/\",\"name\":\"Ateliers d\u2019art - Expo Richmond Fair\",\"isPartOf\":{\"@id\":\"https:\\\/\\\/www.exporichmondfair.com\\\/#website\"},\"primaryImageOfPage\":{\"@id\":\"https:\\\/\\\/www.exporichmondfair.com\\\/fr\\\/activites\\\/artworkshops-fr\\\/#primaryimage\"},\"image\":{\"@id\":\"https:\\\/\\\/www.exporichmondfair.com\\\/fr\\\/activites\\\/artworkshops-fr\\\/#primaryimage\"},\"thumbnailUrl\":\"https:\\\/\\\/www.exporichmondfair.com\\\/wp-content\\\/uploads\\\/2026\\\/04\\\/633353650_122152426136730604_5124718773410391584_n.jpg\",\"datePublished\":\"2026-04-21T17:27:36+00:00\",\"dateModified\":\"2026-04-25T17:29:28+00:00\",\"description\":\"Discover the mural at Expo Richmond Fair. The 2nd edition will be painted this year. A fundraising supper will take place May 31st.\",\"breadcrumb\":{\"@id\":\"https:\\\/\\\/www.exporichmondfair.com\\\/fr\\\/activites\\\/artworkshops-fr\\\/#breadcrumb\"},\"inLanguage\":\"fr-CA\",\"potentialAction\":[{\"@type\":\"ReadAction\",\"target\":[\"https:\\\/\\\/www.exporichmondfair.com\\\/fr\\\/activites\\\/artworkshops-fr\\\/\"]}]},{\"@type\":\"ImageObject\",\"inLanguage\":\"fr-CA\",\"@id\":\"https:\\\/\\\/www.exporichmondfair.com\\\/fr\\\/activites\\\/artworkshops-fr\\\/#primaryimage\",\"url\":\"https:\\\/\\\/www.exporichmondfair.com\\\/wp-content\\\/uploads\\\/2026\\\/04\\\/633353650_122152426136730604_5124718773410391584_n.jpg\",\"contentUrl\":\"https:\\\/\\\/www.exporichmondfair.com\\\/wp-content\\\/uploads\\\/2026\\\/04\\\/633353650_122152426136730604_5124718773410391584_n.jpg\",\"width\":1080,\"height\":609},{\"@type\":\"BreadcrumbList\",\"@id\":\"https:\\\/\\\/www.exporichmondfair.com\\\/fr\\\/activites\\\/artworkshops-fr\\\/#breadcrumb\",\"itemListElement\":[{\"@type\":\"ListItem\",\"position\":1,\"name\":\"Accueil\",\"item\":\"https:\\\/\\\/www.exporichmondfair.com\\\/fr\\\/\"},{\"@type\":\"ListItem\",\"position\":2,\"name\":\"Activit\u00e9s\",\"item\":\"https:\\\/\\\/www.exporichmondfair.com\\\/fr\\\/activites\\\/\"},{\"@type\":\"ListItem\",\"position\":3,\"name\":\"Ateliers d\u2019art\"}]},{\"@type\":\"WebSite\",\"@id\":\"https:\\\/\\\/www.exporichmondfair.com\\\/#website\",\"url\":\"https:\\\/\\\/www.exporichmondfair.com\\\/\",\"name\":\"Expo Richmond Fair\",\"description\":\"Bienvenue \u00e0 l&#039;Expo de Richmond!\",\"publisher\":{\"@id\":\"https:\\\/\\\/www.exporichmondfair.com\\\/#organization\"},\"potentialAction\":[{\"@type\":\"SearchAction\",\"target\":{\"@type\":\"EntryPoint\",\"urlTemplate\":\"https:\\\/\\\/www.exporichmondfair.com\\\/?s={search_term_string}\"},\"query-input\":{\"@type\":\"PropertyValueSpecification\",\"valueRequired\":true,\"valueName\":\"search_term_string\"}}],\"inLanguage\":\"fr-CA\"},{\"@type\":\"Organization\",\"@id\":\"https:\\\/\\\/www.exporichmondfair.com\\\/#organization\",\"name\":\"Expo Richmond Fair\",\"url\":\"https:\\\/\\\/www.exporichmondfair.com\\\/\",\"logo\":{\"@type\":\"ImageObject\",\"inLanguage\":\"fr-CA\",\"@id\":\"https:\\\/\\\/www.exporichmondfair.com\\\/#\\\/schema\\\/logo\\\/image\\\/\",\"url\":\"https:\\\/\\\/www.exporichmondfair.com\\\/wp-content\\\/uploads\\\/2025\\\/07\\\/cropped-cropped-6a92fa92-c8f4-41dc-8223-8636a1e53b38.jpg\",\"contentUrl\":\"https:\\\/\\\/www.exporichmondfair.com\\\/wp-content\\\/uploads\\\/2025\\\/07\\\/cropped-cropped-6a92fa92-c8f4-41dc-8223-8636a1e53b38.jpg\",\"width\":512,\"height\":252,\"caption\":\"Expo Richmond Fair\"},\"image\":{\"@id\":\"https:\\\/\\\/www.exporichmondfair.com\\\/#\\\/schema\\\/logo\\\/image\\\/\"}}]}<\/script>\n<!-- \/ Yoast SEO plugin. -->","yoast_head_json":{"title":"Ateliers d\u2019art - Expo Richmond Fair","description":"Discover the mural at Expo Richmond Fair. The 2nd edition will be painted this year. A fundraising supper will take place May 31st.","robots":{"index":"index","follow":"follow","max-snippet":"max-snippet:-1","max-image-preview":"max-image-preview:large","max-video-preview":"max-video-preview:-1"},"canonical":"https:\/\/www.exporichmondfair.com\/fr\/activites\/artworkshops-fr\/","og_locale":"fr_CA","og_type":"article","og_title":"Ateliers d\u2019art - Expo Richmond Fair","og_description":"Discover the mural at Expo Richmond Fair. The 2nd edition will be painted this year. A fundraising supper will take place May 31st.","og_url":"https:\/\/www.exporichmondfair.com\/fr\/activites\/artworkshops-fr\/","og_site_name":"Expo Richmond Fair","article_modified_time":"2026-04-25T17:29:28+00:00","og_image":[{"width":1080,"height":609,"url":"https:\/\/www.exporichmondfair.com\/wp-content\/uploads\/2026\/04\/633353650_122152426136730604_5124718773410391584_n.jpg","type":"image\/jpeg"}],"twitter_card":"summary_large_image","twitter_misc":{"Estimation du temps de lecture":"2 minutes"},"schema":{"@context":"https:\/\/schema.org","@graph":[{"@type":"WebPage","@id":"https:\/\/www.exporichmondfair.com\/fr\/activites\/artworkshops-fr\/","url":"https:\/\/www.exporichmondfair.com\/fr\/activites\/artworkshops-fr\/","name":"Ateliers d\u2019art - Expo Richmond Fair","isPartOf":{"@id":"https:\/\/www.exporichmondfair.com\/#website"},"primaryImageOfPage":{"@id":"https:\/\/www.exporichmondfair.com\/fr\/activites\/artworkshops-fr\/#primaryimage"},"image":{"@id":"https:\/\/www.exporichmondfair.com\/fr\/activites\/artworkshops-fr\/#primaryimage"},"thumbnailUrl":"https:\/\/www.exporichmondfair.com\/wp-content\/uploads\/2026\/04\/633353650_122152426136730604_5124718773410391584_n.jpg","datePublished":"2026-04-21T17:27:36+00:00","dateModified":"2026-04-25T17:29:28+00:00","description":"Discover the mural at Expo Richmond Fair. The 2nd edition will be painted this year. A fundraising supper will take place May 31st.","breadcrumb":{"@id":"https:\/\/www.exporichmondfair.com\/fr\/activites\/artworkshops-fr\/#breadcrumb"},"inLanguage":"fr-CA","potentialAction":[{"@type":"ReadAction","target":["https:\/\/www.exporichmondfair.com\/fr\/activites\/artworkshops-fr\/"]}]},{"@type":"ImageObject","inLanguage":"fr-CA","@id":"https:\/\/www.exporichmondfair.com\/fr\/activites\/artworkshops-fr\/#primaryimage","url":"https:\/\/www.exporichmondfair.com\/wp-content\/uploads\/2026\/04\/633353650_122152426136730604_5124718773410391584_n.jpg","contentUrl":"https:\/\/www.exporichmondfair.com\/wp-content\/uploads\/2026\/04\/633353650_122152426136730604_5124718773410391584_n.jpg","width":1080,"height":609},{"@type":"BreadcrumbList","@id":"https:\/\/www.exporichmondfair.com\/fr\/activites\/artworkshops-fr\/#breadcrumb","itemListElement":[{"@type":"ListItem","position":1,"name":"Accueil","item":"https:\/\/www.exporichmondfair.com\/fr\/"},{"@type":"ListItem","position":2,"name":"Activit\u00e9s","item":"https:\/\/www.exporichmondfair.com\/fr\/activites\/"},{"@type":"ListItem","position":3,"name":"Ateliers d\u2019art"}]},{"@type":"WebSite","@id":"https:\/\/www.exporichmondfair.com\/#website","url":"https:\/\/www.exporichmondfair.com\/","name":"Expo Richmond Fair","description":"Bienvenue \u00e0 l&#039;Expo de Richmond!","publisher":{"@id":"https:\/\/www.exporichmondfair.com\/#organization"},"potentialAction":[{"@type":"SearchAction","target":{"@type":"EntryPoint","urlTemplate":"https:\/\/www.exporichmondfair.com\/?s={search_term_string}"},"query-input":{"@type":"PropertyValueSpecification","valueRequired":true,"valueName":"search_term_string"}}],"inLanguage":"fr-CA"},{"@type":"Organization","@id":"https:\/\/www.exporichmondfair.com\/#organization","name":"Expo Richmond Fair","url":"https:\/\/www.exporichmondfair.com\/","logo":{"@type":"ImageObject","inLanguage":"fr-CA","@id":"https:\/\/www.exporichmondfair.com\/#\/schema\/logo\/image\/","url":"https:\/\/www.exporichmondfair.com\/wp-content\/uploads\/2025\/07\/cropped-cropped-6a92fa92-c8f4-41dc-8223-8636a1e53b38.jpg","contentUrl":"https:\/\/www.exporichmondfair.com\/wp-content\/uploads\/2025\/07\/cropped-cropped-6a92fa92-c8f4-41dc-8223-8636a1e53b38.jpg","width":512,"height":252,"caption":"Expo Richmond Fair"},"image":{"@id":"https:\/\/www.exporichmondfair.com\/#\/schema\/logo\/image\/"}}]}},"_links":{"self":[{"href":"https:\/\/www.exporichmondfair.com\/fr\/wp-json\/wp\/v2\/pages\/25803","targetHints":{"allow":["GET"]}}],"collection":[{"href":"https:\/\/www.exporichmondfair.com\/fr\/wp-json\/wp\/v2\/pages"}],"about":[{"href":"https:\/\/www.exporichmondfair.com\/fr\/wp-json\/wp\/v2\/types\/page"}],"author":[{"embeddable":true,"href":"https:\/\/www.exporichmondfair.com\/fr\/wp-json\/wp\/v2\/users\/8"}],"replies":[{"embeddable":true,"href":"https:\/\/www.exporichmondfair.com\/fr\/wp-json\/wp\/v2\/comments?post=25803"}],"version-history":[{"count":10,"href":"https:\/\/www.exporichmondfair.com\/fr\/wp-json\/wp\/v2\/pages\/25803\/revisions"}],"predecessor-version":[{"id":25837,"href":"https:\/\/www.exporichmondfair.com\/fr\/wp-json\/wp\/v2\/pages\/25803\/revisions\/25837"}],"up":[{"embeddable":true,"href":"https:\/\/www.exporichmondfair.com\/fr\/wp-json\/wp\/v2\/pages\/23256"}],"wp:featuredmedia":[{"embeddable":true,"href":"https:\/\/www.exporichmondfair.com\/fr\/wp-json\/wp\/v2\/media\/25806"}],"wp:attachment":[{"href":"https:\/\/www.exporichmondfair.com\/fr\/wp-json\/wp\/v2\/media?parent=25803"}],"curies":[{"name":"wp","href":"https:\/\/api.w.org\/{rel}","templated":true}]}}